{"id":7217,"date":"2020-06-09T10:09:39","date_gmt":"2020-06-09T10:09:39","guid":{"rendered":"https:\/\/myrentalhost.com\/avisos-legales\/"},"modified":"2024-01-12T10:13:07","modified_gmt":"2024-01-12T10:13:07","slug":"avisos-legales","status":"publish","type":"page","link":"https:\/\/myrentalhost.com\/ca\/avisos-legales\/","title":{"rendered":"Av\u00eds Legal"},"content":{"rendered":"<div class=\"fusion-fullwidth fullwidth-box fusion-builder-row-1 fusion-flex-container nonhundred-percent-fullwidth non-hundred-percent-height-scrolling\" style=\"--awb-border-radius-top-left:0px;--awb-border-radius-top-right:0px;--awb-border-radius-bottom-right:0px;--awb-border-radius-bottom-left:0px;--awb-flex-wrap:wrap;\" ><div class=\"fusion-builder-row fusion-row fusion-flex-align-items-flex-start fusion-flex-content-wrap\" style=\"max-width:1320.8px;margin-left: calc(-4% \/ 2 );margin-right: calc(-4% \/ 2 );\"><div class=\"fusion-layout-column fusion_builder_column fusion-builder-column-0 fusion_builder_column_1_1 1_1 fusion-flex-column\" style=\"--awb-bg-size:cover;--awb-width-large:100%;--awb-margin-top-large:0px;--awb-spacing-right-large:1.92%;--awb-margin-bottom-large:0px;--awb-spacing-left-large:1.92%;--awb-width-medium:100%;--awb-spacing-right-medium:1.92%;--awb-spacing-left-medium:1.92%;--awb-width-small:100%;--awb-spacing-right-small:1.92%;--awb-spacing-left-small:1.92%;\"><div class=\"fusion-column-wrapper fusion-flex-justify-content-flex-start fusion-content-layout-column\"><div class=\"fusion-text fusion-text-1\"><div id=\"clickdatos\">\n<p>En el present Av\u00eds Legal, l&#8217;Usuari podr\u00e0 trobar tota la informaci\u00f3 relativa a les condicions legals que defineixen les relacions entre els usuaris i el responsable de la p\u00e0gina web accessible a l&#8217;adre\u00e7a URL <a href=\"https:\/\/myrentalhost.com\/ca\/\" target=\"_new\" rel=\"noopener\">https:\/\/myrentalhost.com<\/a> (d&#8217;ara endavant, el lloc web), que MyRentalHost posa a disposici\u00f3 dels usuaris d&#8217;Internet.<\/p>\n<p>La utilitzaci\u00f3 del lloc web implica l&#8217;acceptaci\u00f3 plena i sense reserves de totes i cadascuna de les disposicions incloses en aquest Av\u00eds Legal. En conseq\u00fc\u00e8ncia, l&#8217;usuari del lloc web ha de llegir atentament el present Av\u00eds Legal en cadascuna de les ocasions en qu\u00e8 es proposi utilitzar la web, ja que el text podria patir modificacions a criteri del titular del lloc web, o a causa d&#8217;un canvi legislatiu, jurisprudencial o en la pr\u00e0ctica empresarial.<\/p>\n<p><strong>1.- DADES DEL RESPONSABLE TITULAR DEL LLOC WEB.<\/strong><\/p>\n<p>Nom del titular: MYRENTALHOST SL Domicili social: Carrer del Vallespir 180, Entres\u00f2l 5, 08014, Barcelona NIF: B16871808 Tel\u00e8fon de contacte: 931651010 Correu electr\u00f2nic: <a target=\"_new\" rel=\"noopener\">info@myrentalhost.com<\/a><\/p>\n<p>MyRentalHost SL \u00e9s el responsable del Lloc Web i es compromet a complir amb tots els requisits nacionals i europeus que regulen l&#8217;\u00fas de les dades personals dels usuaris.<\/p>\n<p>Aquest Lloc Web garanteix la protecci\u00f3 i confidencialitat de les dades personals que ens proporcionin d&#8217;acord amb el que disposa el Reglament General de Protecci\u00f3 de Dades de Car\u00e0cter Personal (UE) 2016\/679 del Parlament Europeu i del Consell, de 27 d&#8217;abril de 2016, en la Llei Org\u00e0nica 3\/2018, de Protecci\u00f3 de Dades Personals i garantia dels drets digitals, aix\u00ed com en la Llei de Serveis de la Societat de la Informaci\u00f3 i Comer\u00e7 Electr\u00f2nic 34\/2002 de 11 de juliol (LSSI-CE).<\/p>\n<p><strong>2.- OBJECTE.<\/strong><\/p>\n<p>El lloc web facilita als usuaris d&#8217;aquest l&#8217;acc\u00e9s a informaci\u00f3 i serveis prestats per MyRentalHost a aquelles persones o organitzacions interessades en els mateixos.<\/p>\n<p>L&#8217;acc\u00e9s i la utilitzaci\u00f3 del Lloc Web atorga la condici\u00f3 d&#8217;usuari del Lloc Web (d&#8217;ara endavant, l&#8217;Usuari) i implica l&#8217;acceptaci\u00f3 de totes les condicions incloses en aquest Av\u00eds Legal aix\u00ed com de les seves modificacions. La prestaci\u00f3 del servei del Lloc Web t\u00e9 una durada limitada en el moment en qu\u00e8 l&#8217;Usuari es trobi connectat al Lloc Web o a algun dels serveis que a trav\u00e9s d&#8217;aquest es faciliten. Per tant, l&#8217;Usuari ha de llegir atentament el present Av\u00eds Legal en cadascuna de les ocasions en qu\u00e8 es proposi utilitzar el Lloc Web, ja que aquest i les seves condicions d&#8217;\u00fas recollides en el present Av\u00eds Legal poden patir modificacions.<\/p>\n<p><strong>3.- ACC\u00c9S I UTILITZACI\u00d3 DE LA WEB.<\/strong><\/p>\n<p>3.1.- Car\u00e0cter gratu\u00eft de l&#8217;acc\u00e9s i utilitzaci\u00f3 de la web. L&#8217;acc\u00e9s a la web t\u00e9 car\u00e0cter gratu\u00eft per als usuaris de la mateixa, llevat pel que fa al cost de la connexi\u00f3 a trav\u00e9s de la xarxa de telecomunicacions subministrada pel prove\u00efdor d&#8217;acc\u00e9s contractat pels usuaris. 3.2.- Registre d&#8217;usuaris. Amb car\u00e0cter general l&#8217;acc\u00e9s i utilitzaci\u00f3 de la web no exigeix la pr\u00e8via subscripci\u00f3 o registre dels usuaris de la mateixa. 3.3.- Els usuaris garanteixen i responen, en qualsevol cas, de l&#8217;exactitud, vig\u00e8ncia i autenticitat de les dades personals facilitades, i es comprometen a mantenir-les degudament actualitzades. L&#8217;usuari accepta proporcionar informaci\u00f3 completa i correcta en el formulari de contacte o subscripci\u00f3.<\/p>\n<p>En cap cas es recaptaran del menor de edat dades relatives a la situaci\u00f3 professional, econ\u00f2mica o a la intimitat dels altres membres de la fam\u00edlia, sense el consentiment d&#8217;aquests. Si ets menor de tretze anys i has accedit a aquest lloc web sense avisar als teus pares no has de registrar-te com a usuari.<\/p>\n<p>En aquesta web es respecten i cuiden les dades personals dels usuaris. Com a usuari has de saber que els teus drets estan garantits.<\/p>\n<p><strong>4.- CONTINGUTS DE LA WEB.<\/strong><\/p>\n<p>L&#8217;idioma utilitzat pel titular al lloc web ser\u00e0 el castell\u00e0. MyRentalHost no es responsabilitza de la manca de comprensi\u00f3 o enteniment de l&#8217;idioma del lloc web per part de l&#8217;usuari, ni de les seves conseq\u00fc\u00e8ncies. MyRentalHost podr\u00e0 modificar els continguts sense previ av\u00eds, aix\u00ed com suprimir i canviar aquests dins de la web, com la forma en qu\u00e8 s&#8217;accedeix a aquests, sense justificaci\u00f3 alguna i lliurement, no responsabilitzant-se de les conseq\u00fc\u00e8ncies que els mateixos puguin ocasionar als usuaris. Es prohibeix l&#8217;\u00fas dels continguts de la web per promoure, contractar o difondre publicitat o informaci\u00f3 pr\u00f2pia o de tercers sense l&#8217;autoritzaci\u00f3 de MyRentalHost, ni remetre publicitat o informaci\u00f3 valent-se per aix\u00f2 dels serveis o informaci\u00f3 que es posen a disposici\u00f3 dels usuaris, independentment de si l&#8217;\u00fas \u00e9s gratu\u00eft o no. Els enlla\u00e7os o hiperenlla\u00e7os que incorporen tercers a les seves p\u00e0gines web, dirigits a aquesta web, seran per a l&#8217;obertura de la p\u00e0gina web completa, no podent manifestar, directa o indirectament, indicacions falses, inexactes o confuses, ni inc\u00f3rrer en accions deslleals o il\u00b7l\u00edcites en contra de MyRentalHost<\/p>\n<p><strong>5.- MESURES DE SEGURETAT.<\/strong><\/p>\n<p>Les dades personals comunicades per l&#8217;usuari podran ser emmagatzemades en bases de dades automatitzades o no, la titularitat correspon exclusivament a MyRentalHost, assumint totes les mesures de tipus t\u00e8cnic, organitzatiu i de seguretat que garanteixin la confidencialitat, integritat i qualitat de la informaci\u00f3 continguda en les mateixes d&#8217;acord amb el que estableixen les normatives vigents en mat\u00e8ria de protecci\u00f3 de dades de car\u00e0cter personal.<\/p>\n<p><strong>6.- LIMITACI\u00d3 DE RESPONSABILITAT.<\/strong><\/p>\n<p>Tant l&#8217;acc\u00e9s a la web com l&#8217;\u00fas no consentit que pugui efectuar-se de la informaci\u00f3 continguda en la mateixa \u00e9s de l&#8217;exclusiva responsabilitat de qui ho realitza. MyRentalHost no respondr\u00e0 de cap conseq\u00fc\u00e8ncia, dany o perjudici que puguin derivar-se d&#8217;aquest acc\u00e9s o \u00fas. MyRentalHost no es fa responsable dels errors de seguretat que es puguin produir ni dels danys que puguin causar-se al sistema inform\u00e0tic de l&#8217;usuari (hardware i software), o als fitxers o documents emmagatzemats en el mateix, com a conseq\u00fc\u00e8ncia de:<\/p>\n<ul>\n<li>la pres\u00e8ncia d&#8217;un virus a l&#8217;ordinador de l&#8217;usuari que sigui utilitzat per a la connexi\u00f3 als serveis i continguts de la web.<\/li>\n<li>un mal funcionament del navegador.<\/li>\n<li>i\/o de l&#8217;\u00fas de versions no actualitzades del mateix. MyRentalHost no es fa responsable de la fiabilitat i rapidesa dels enlla\u00e7os d&#8217;hiperenlla\u00e7os que s&#8217;incorporin a la web per a l&#8217;obertura d&#8217;altres. MyRentalHost no garanteix la utilitat d&#8217;aquests enlla\u00e7os, ni es responsabilitza dels continguts o serveis als quals pugui accedir l&#8217;usuari mitjan\u00e7ant aquests enlla\u00e7os, ni del bon funcionament d&#8217;aquestes webs. MyRentalHost no ser\u00e0 responsable dels virus o altres programes inform\u00e0tics que deteriorin o puguin deteriorar els sistemes o equips inform\u00e0tics dels usuaris en accedir a la seva web o altres webs a les quals s&#8217;hagi accedit mitjan\u00e7ant enlla\u00e7os d&#8217;aquesta web.<\/li>\n<\/ul>\n<p><strong>7.- EMPLEO DE LA TECNOLOG\u00cdA &#8220;COOKIE&#8221;.<\/strong><\/p>\n<p>El Sitio Web pot emprar galetes o tecnologies similars que es regiran pel que estableix la Pol\u00edtica de Galetes, accessible en tot moment i respectant la confidencialitat i intimitat de l&#8217;usuari, sent part integrant del present Av\u00eds Legal.<\/p>\n<p><strong>8.- NAVEGACI\u00d3.<\/strong><\/p>\n<p>Els servidors d&#8217;Internet poden recollir dades no identificables, que poden incloure adreces IP i altres dades que no es poden utilitzar per identificar l&#8217;usuari. La seva adre\u00e7a IP s&#8217;emmagatzemar\u00e0 autom\u00e0ticament als registres d&#8217;acc\u00e9s \u00fanicament amb la finalitat de permetre el tr\u00e0nsit per Internet, essent necessari que el seu equip faciliti aquesta adre\u00e7a IP quan navega per Internet perqu\u00e8 les comunicacions puguin realitzar-se. Aix\u00ed mateix, l&#8217;adre\u00e7a IP podr\u00e0 ser utilitzada per realitzar estad\u00edstiques, de manera anonimitzada, sobre el nombre de visitants d&#8217;aquesta web i la seva proced\u00e8ncia, de manera totalment transparent a la seva navegaci\u00f3.<\/p>\n<p><strong>9.- PROPIETAT INTEL\u00b7LECTUAL I INDUSTRIAL<\/strong><\/p>\n<p>L&#8217;usuari coneix i accepta que tots els continguts i\/o qualsevol altre element del lloc web s\u00f3n propietat de MyRentalHost, i es compromet a respectar els drets de propietat intel\u00b7lectual i industrial titularitat de MyRentalHost. Qualsevol \u00fas del lloc web o els seus continguts haur\u00e0 de tenir un car\u00e0cter exclusivament particular. Est\u00e0 reservat exclusivament a MyRentalHost, qualsevol altre \u00fas que suposi la c\u00f2pia, reproducci\u00f3, distribuci\u00f3, transformaci\u00f3, comunicaci\u00f3 p\u00fablica o qualsevol altra acci\u00f3 similar, de tot o part dels continguts del lloc web, pel que cap usuari podr\u00e0 dur a terme aquestes accions sense l&#8217;autoritzaci\u00f3 pr\u00e8via i per escrit de MyRentalHost<\/p>\n<p><strong>10.- LEGISLACI\u00d3 APLICABLE I JURISDICCI\u00d3 COMPETENT<\/strong><\/p>\n<p>El present Av\u00eds Legal s&#8217;interpretar\u00e0 i regir\u00e0 de conformitat amb la legislaci\u00f3 espanyola. MyRentalHost i els usuaris, amb ren\u00fancia expressa a qualsevol altre fur que els pugui correspondre, es sotmeten al dels jutjats i tribunals del domicili de l&#8217;usuari per a qualsevol controv\u00e8rsia que pugui derivar-se de l&#8217;acc\u00e9s o \u00fas de la web. En cas que l&#8217;usuari tingui el seu domicili fora d&#8217;Espanya, MyRentalHost i l&#8217;usuari, es sotmeten, amb ren\u00fancia expressa a qualsevol altre fur, als jutjats i tribunals del domicili de Barcelona.<\/p>\n<\/div>\n<div id=\"gtx-trans\" style=\"position: absolute; left: 164px; top: 38px;\">\n<div class=\"gtx-trans-icon\"><\/div>\n<\/div>\n<\/div><\/div><\/div><\/div><\/div>\n","protected":false},"excerpt":{"rendered":"","protected":false},"author":1,"featured_media":0,"parent":0,"menu_order":0,"comment_status":"closed","ping_status":"closed","template":"","meta":{"footnotes":""},"class_list":["post-7217","page","type-page","status-publish","hentry"],"yoast_head":"<!-- This site is optimized with the Yoast SEO Premium plugin v23.6 (Yoast SEO v23.6) - https:\/\/yoast.com\/wordpress\/plugins\/seo\/ -->\n<title>Av\u00eds Legal - MyRentalHost<\/title>\n<meta name=\"robots\" content=\"index, follow, max-snippet:-1, max-image-preview:large, max-video-preview:-1\" \/>\n<link rel=\"canonical\" href=\"https:\/\/myrentalhost.com\/ca\/avisos-legales\/\" \/>\n<meta property=\"og:locale\" content=\"ca_ES\" \/>\n<meta property=\"og:type\" content=\"article\" \/>\n<meta property=\"og:title\" content=\"Av\u00eds Legal\" \/>\n<meta property=\"og:url\" content=\"https:\/\/myrentalhost.com\/ca\/avisos-legales\/\" \/>\n<meta property=\"og:site_name\" content=\"MyRentalHost\" \/>\n<meta property=\"article:publisher\" content=\"https:\/\/www.facebook.com\/MyRentalHost\/\" \/>\n<meta property=\"article:modified_time\" content=\"2024-01-12T10:13:07+00:00\" \/>\n<meta property=\"og:image\" content=\"https:\/\/myrentalhost.com\/wp-content\/uploads\/2020\/06\/LogoFINALcuiadrado.jpg\" \/>\n\t<meta property=\"og:image:width\" content=\"438\" \/>\n\t<meta property=\"og:image:height\" content=\"430\" \/>\n\t<meta property=\"og:image:type\" content=\"image\/jpeg\" \/>\n<meta name=\"twitter:card\" content=\"summary_large_image\" \/>\n<meta name=\"twitter:site\" content=\"@myrentalhost\" \/>\n<meta name=\"twitter:label1\" content=\"Temps estimat de lectura\" \/>\n\t<meta name=\"twitter:data1\" content=\"8 minuts\" \/>\n<script type=\"application\/ld+json\" class=\"yoast-schema-graph\">{\"@context\":\"https:\/\/schema.org\",\"@graph\":[{\"@type\":\"WebPage\",\"@id\":\"https:\/\/myrentalhost.com\/ca\/avisos-legales\/\",\"url\":\"https:\/\/myrentalhost.com\/ca\/avisos-legales\/\",\"name\":\"Av\u00eds Legal - MyRentalHost\",\"isPartOf\":{\"@id\":\"https:\/\/myrentalhost.com\/ca\/#website\"},\"datePublished\":\"2020-06-09T10:09:39+00:00\",\"dateModified\":\"2024-01-12T10:13:07+00:00\",\"breadcrumb\":{\"@id\":\"https:\/\/myrentalhost.com\/ca\/avisos-legales\/#breadcrumb\"},\"inLanguage\":\"ca\",\"potentialAction\":[{\"@type\":\"ReadAction\",\"target\":[\"https:\/\/myrentalhost.com\/ca\/avisos-legales\/\"]}]},{\"@type\":\"BreadcrumbList\",\"@id\":\"https:\/\/myrentalhost.com\/ca\/avisos-legales\/#breadcrumb\",\"itemListElement\":[{\"@type\":\"ListItem\",\"position\":1,\"name\":\"Home\",\"item\":\"https:\/\/myrentalhost.com\/ca\/\"},{\"@type\":\"ListItem\",\"position\":2,\"name\":\"Av\u00eds Legal\"}]},{\"@type\":\"WebSite\",\"@id\":\"https:\/\/myrentalhost.com\/ca\/#website\",\"url\":\"https:\/\/myrentalhost.com\/ca\/\",\"name\":\"MyRentalHost\",\"description\":\"Making you the best host in the city\",\"publisher\":{\"@id\":\"https:\/\/myrentalhost.com\/ca\/#organization\"},\"potentialAction\":[{\"@type\":\"SearchAction\",\"target\":{\"@type\":\"EntryPoint\",\"urlTemplate\":\"https:\/\/myrentalhost.com\/ca\/?s={search_term_string}\"},\"query-input\":{\"@type\":\"PropertyValueSpecification\",\"valueRequired\":true,\"valueName\":\"search_term_string\"}}],\"inLanguage\":\"ca\"},{\"@type\":\"Organization\",\"@id\":\"https:\/\/myrentalhost.com\/ca\/#organization\",\"name\":\"MyRentalHost\",\"url\":\"https:\/\/myrentalhost.com\/ca\/\",\"logo\":{\"@type\":\"ImageObject\",\"inLanguage\":\"ca\",\"@id\":\"https:\/\/myrentalhost.com\/ca\/#\/schema\/logo\/image\/\",\"url\":\"https:\/\/myrentalhost.com\/wp-content\/uploads\/2020\/06\/LogoFINALcuiadrado.jpg\",\"contentUrl\":\"https:\/\/myrentalhost.com\/wp-content\/uploads\/2020\/06\/LogoFINALcuiadrado.jpg\",\"width\":438,\"height\":430,\"caption\":\"MyRentalHost\"},\"image\":{\"@id\":\"https:\/\/myrentalhost.com\/ca\/#\/schema\/logo\/image\/\"},\"sameAs\":[\"https:\/\/www.facebook.com\/MyRentalHost\/\",\"https:\/\/x.com\/myrentalhost\",\"https:\/\/www.instagram.com\/myrentalhost\/\",\"https:\/\/www.linkedin.com\/company\/myrentalhost\/\",\"https:\/\/www.youtube.com\/channel\/UCNMe78UNfgPW--AEVbvNmEQ\"]}]}<\/script>\n<!-- \/ Yoast SEO Premium plugin. -->","yoast_head_json":{"title":"Av\u00eds Legal - MyRentalHost","robots":{"index":"index","follow":"follow","max-snippet":"max-snippet:-1","max-image-preview":"max-image-preview:large","max-video-preview":"max-video-preview:-1"},"canonical":"https:\/\/myrentalhost.com\/ca\/avisos-legales\/","og_locale":"ca_ES","og_type":"article","og_title":"Av\u00eds Legal","og_url":"https:\/\/myrentalhost.com\/ca\/avisos-legales\/","og_site_name":"MyRentalHost","article_publisher":"https:\/\/www.facebook.com\/MyRentalHost\/","article_modified_time":"2024-01-12T10:13:07+00:00","og_image":[{"width":438,"height":430,"url":"https:\/\/myrentalhost.com\/wp-content\/uploads\/2020\/06\/LogoFINALcuiadrado.jpg","type":"image\/jpeg"}],"twitter_card":"summary_large_image","twitter_site":"@myrentalhost","twitter_misc":{"Temps estimat de lectura":"8 minuts"},"schema":{"@context":"https:\/\/schema.org","@graph":[{"@type":"WebPage","@id":"https:\/\/myrentalhost.com\/ca\/avisos-legales\/","url":"https:\/\/myrentalhost.com\/ca\/avisos-legales\/","name":"Av\u00eds Legal - MyRentalHost","isPartOf":{"@id":"https:\/\/myrentalhost.com\/ca\/#website"},"datePublished":"2020-06-09T10:09:39+00:00","dateModified":"2024-01-12T10:13:07+00:00","breadcrumb":{"@id":"https:\/\/myrentalhost.com\/ca\/avisos-legales\/#breadcrumb"},"inLanguage":"ca","potentialAction":[{"@type":"ReadAction","target":["https:\/\/myrentalhost.com\/ca\/avisos-legales\/"]}]},{"@type":"BreadcrumbList","@id":"https:\/\/myrentalhost.com\/ca\/avisos-legales\/#breadcrumb","itemListElement":[{"@type":"ListItem","position":1,"name":"Home","item":"https:\/\/myrentalhost.com\/ca\/"},{"@type":"ListItem","position":2,"name":"Av\u00eds Legal"}]},{"@type":"WebSite","@id":"https:\/\/myrentalhost.com\/ca\/#website","url":"https:\/\/myrentalhost.com\/ca\/","name":"MyRentalHost","description":"Making you the best host in the city","publisher":{"@id":"https:\/\/myrentalhost.com\/ca\/#organization"},"potentialAction":[{"@type":"SearchAction","target":{"@type":"EntryPoint","urlTemplate":"https:\/\/myrentalhost.com\/ca\/?s={search_term_string}"},"query-input":{"@type":"PropertyValueSpecification","valueRequired":true,"valueName":"search_term_string"}}],"inLanguage":"ca"},{"@type":"Organization","@id":"https:\/\/myrentalhost.com\/ca\/#organization","name":"MyRentalHost","url":"https:\/\/myrentalhost.com\/ca\/","logo":{"@type":"ImageObject","inLanguage":"ca","@id":"https:\/\/myrentalhost.com\/ca\/#\/schema\/logo\/image\/","url":"https:\/\/myrentalhost.com\/wp-content\/uploads\/2020\/06\/LogoFINALcuiadrado.jpg","contentUrl":"https:\/\/myrentalhost.com\/wp-content\/uploads\/2020\/06\/LogoFINALcuiadrado.jpg","width":438,"height":430,"caption":"MyRentalHost"},"image":{"@id":"https:\/\/myrentalhost.com\/ca\/#\/schema\/logo\/image\/"},"sameAs":["https:\/\/www.facebook.com\/MyRentalHost\/","https:\/\/x.com\/myrentalhost","https:\/\/www.instagram.com\/myrentalhost\/","https:\/\/www.linkedin.com\/company\/myrentalhost\/","https:\/\/www.youtube.com\/channel\/UCNMe78UNfgPW--AEVbvNmEQ"]}]}},"_links":{"self":[{"href":"https:\/\/myrentalhost.com\/ca\/wp-json\/wp\/v2\/pages\/7217","targetHints":{"allow":["GET"]}}],"collection":[{"href":"https:\/\/myrentalhost.com\/ca\/wp-json\/wp\/v2\/pages"}],"about":[{"href":"https:\/\/myrentalhost.com\/ca\/wp-json\/wp\/v2\/types\/page"}],"author":[{"embeddable":true,"href":"https:\/\/myrentalhost.com\/ca\/wp-json\/wp\/v2\/users\/1"}],"replies":[{"embeddable":true,"href":"https:\/\/myrentalhost.com\/ca\/wp-json\/wp\/v2\/comments?post=7217"}],"version-history":[{"count":3,"href":"https:\/\/myrentalhost.com\/ca\/wp-json\/wp\/v2\/pages\/7217\/revisions"}],"predecessor-version":[{"id":7231,"href":"https:\/\/myrentalhost.com\/ca\/wp-json\/wp\/v2\/pages\/7217\/revisions\/7231"}],"wp:attachment":[{"href":"https:\/\/myrentalhost.com\/ca\/wp-json\/wp\/v2\/media?parent=7217"}],"curies":[{"name":"wp","href":"https:\/\/api.w.org\/{rel}","templated":true}]}}