{"id":6681,"date":"2020-01-06T15:42:43","date_gmt":"2020-01-06T15:42:43","guid":{"rendered":"https:\/\/myrentalhost.com\/contacto\/"},"modified":"2023-04-20T12:59:17","modified_gmt":"2023-04-20T12:59:17","slug":"contacto","status":"publish","type":"page","link":"https:\/\/myrentalhost.com\/de\/contacto\/","title":{"rendered":"Contacto"},"content":{"rendered":"<p><div class=\"fusion-fullwidth fullwidth-box fusion-builder-row-1 fusion-parallax-none nonhundred-percent-fullwidth non-hundred-percent-height-scrolling\" style=\"--awb-border-sizes-top:0px;--awb-border-sizes-bottom:0px;--awb-border-sizes-left:0px;--awb-border-sizes-right:0px;--awb-border-radius-top-left:0px;--awb-border-radius-top-right:0px;--awb-border-radius-bottom-right:0px;--awb-border-radius-bottom-left:0px;--awb-padding-top:60px;--awb-padding-bottom:60px;--awb-margin-top:0px;--awb-margin-bottom:0px;--awb-background-image:linear-gradient(180deg, rgba(0,0,0,0.7) 0%,rgba(0,0,0,0.7) 100%),url(https:\/\/myrentalhost.com\/wp-content\/uploads\/2020\/04\/bgfooter.jpg);;--awb-background-size:cover;--awb-flex-wrap:wrap;\" ><div class=\"fusion-builder-row fusion-row\"><div class=\"fusion-layout-column fusion_builder_column fusion-builder-column-0 fusion_builder_column_1_5 1_5 fusion-one-fifth fusion-column-first fusion-no-small-visibility\" style=\"--awb-bg-size:cover;width:16.8%; margin-right: 4%;\"><div class=\"fusion-column-wrapper fusion-flex-column-wrapper-legacy\"><div class=\"fusion-clearfix\"><\/div><\/div><\/div><div class=\"fusion-layout-column fusion_builder_column fusion-builder-column-1 fusion_builder_column_3_5 3_5 fusion-three-fifth fusion-animated\" style=\"--awb-padding-top:60px;--awb-padding-bottom:60px;--awb-bg-position:center center;--awb-bg-size:cover;width:58.4%; margin-right: 4%;\" data-animationType=\"fadeInDown\" data-animationDuration=\"0.6\" data-animationOffset=\"top-into-view\"><div class=\"fusion-column-wrapper fusion-column-has-shadow fusion-flex-column-wrapper-legacy\"><div class=\"fusion-text fusion-text-1\"><h3 style=\"text-align: center;\"><span style=\"color: #ffffff; font-size: 34px;\">CONTACTA CON NOSOTROS<\/span><\/h3>\n<\/div><div class=\"fusion-text fusion-text-2\"><p style=\"text-align: center;\"><span style=\"color: #ffffff;\">Si tienes cualquier duda sobre nuestros servicios o necesitas m\u00e1s informaci\u00f3n, contacta con nosotros.<\/span><\/p>\n<\/div><div class=\"fusion-sep-clear\"><\/div><div class=\"fusion-separator fusion-full-width-sep\" style=\"margin-left: auto;margin-right: auto;margin-top:8px;width:100%;\"><\/div><div class=\"fusion-sep-clear\"><\/div>\n<div class=\"wpcf7 no-js\" id=\"wpcf7-f1551-o1\" lang=\"en-US\" dir=\"ltr\" data-wpcf7-id=\"1551\">\n<div class=\"screen-reader-response\"><p role=\"status\" aria-live=\"polite\" aria-atomic=\"true\"><\/p> <ul><\/ul><\/div>\n<form action=\"\/de\/wp-json\/wp\/v2\/pages\/6681#wpcf7-f1551-o1\" method=\"post\" class=\"wpcf7-form init\" aria-label=\"Contact form\" novalidate=\"novalidate\" data-status=\"init\">\n<fieldset class=\"hidden-fields-container\"><input type=\"hidden\" name=\"_wpcf7\" value=\"1551\" \/><input type=\"hidden\" name=\"_wpcf7_version\" value=\"6.1.5\" \/><input type=\"hidden\" name=\"_wpcf7_locale\" value=\"en_US\" \/><input type=\"hidden\" name=\"_wpcf7_unit_tag\" value=\"wpcf7-f1551-o1\" \/><input type=\"hidden\" name=\"_wpcf7_container_post\" value=\"0\" \/><input type=\"hidden\" name=\"_wpcf7_posted_data_hash\" value=\"\" \/><input type=\"hidden\" name=\"_wpcf7_recaptcha_response\" value=\"\" \/>\n<\/fieldset>\n<p><label aria-label=\"Name\"><span class=\"wpcf7-form-control-wrap\" data-name=\"your-name\"><input size=\"40\" maxlength=\"400\" class=\"wpcf7-form-control wpcf7-text wpcf7-validates-as-required\" aria-required=\"true\" aria-invalid=\"false\" placeholder=\"Nombre\" value=\"\" type=\"text\" name=\"your-name\" \/><\/span><\/label>\n<\/p>\n<p><label aria-label=\"Email\"><span class=\"wpcf7-form-control-wrap\" data-name=\"your-email\"><input size=\"40\" maxlength=\"400\" class=\"wpcf7-form-control wpcf7-email wpcf7-validates-as-required wpcf7-text wpcf7-validates-as-email\" aria-required=\"true\" aria-invalid=\"false\" placeholder=\"Email\" value=\"\" type=\"email\" name=\"your-email\" \/><\/span><\/label>\n<\/p>\n<p><label aria-label=\"Email\"><span class=\"wpcf7-form-control-wrap\" data-name=\"tel-342\"><input size=\"40\" maxlength=\"400\" class=\"wpcf7-form-control wpcf7-tel wpcf7-validates-as-required wpcf7-text wpcf7-validates-as-tel\" aria-required=\"true\" aria-invalid=\"false\" placeholder=\"Tel\u00e9fono\" value=\"\" type=\"tel\" name=\"tel-342\" \/><\/span><\/label>\n<\/p>\n<p><label aria-label=\"Mensaje\"><span class=\"wpcf7-form-control-wrap\" data-name=\"your-message\"><textarea cols=\"40\" rows=\"10\" maxlength=\"2000\" class=\"wpcf7-form-control wpcf7-textarea\" aria-invalid=\"false\" placeholder=\"Mensaje\" name=\"your-message\"><\/textarea><\/span><\/label>\n<\/p>\n<p><span style=\"color: #ffffff;\"> <span class=\"wpcf7-form-control-wrap\" data-name=\"acceptance-279\"><span class=\"wpcf7-form-control wpcf7-acceptance\"><span class=\"wpcf7-list-item\"><input type=\"checkbox\" name=\"acceptance-279\" value=\"1\" aria-invalid=\"false\" \/><\/span><\/span><\/span> He le\u00eddo y acepto <a style = \"color: #ffffff;\" href = \"https:\/\/myrentalhost.com\/avisos-legales\/\"><u>el Aviso Legal<\/u><\/a> y la <a style=\"color: #ffffff;\" href=\"https:\/\/myrentalhost.com\/politica-de-privacidad\/\"> <u>Pol\u00edtica de Privacidad<\/u><\/a>. <\/ span><br \/>\n<Span style=\"color: #ffffff;\"> <span class=\"wpcf7-form-control-wrap\" data-name=\"acceptance-414\"><span class=\"wpcf7-form-control wpcf7-acceptance\"><span class=\"wpcf7-list-item\"><input type=\"checkbox\" name=\"acceptance-414\" value=\"1\" aria-invalid=\"false\" \/><\/span><\/span><\/span> Declaro, bajo mi propia responsabilidad, ser mayor de 18 a\u00f1os y respondo de manera exclusiva de la veracidad de esta declaraci\u00f3n. <\/span><br \/>\n<Span style=\"color: #ffffff;\"> <span class=\"wpcf7-form-control-wrap\" data-name=\"acceptance-415\"><span class=\"wpcf7-form-control wpcf7-acceptance\"><span class=\"wpcf7-list-item\"><input type=\"checkbox\" name=\"acceptance-415\" value=\"1\" aria-invalid=\"false\" \/><\/span><\/span><\/span> Acepto recibir la informaci\u00f3n que la entidad considere oportuno enviarme por correo electr\u00f3nico o medio de comunicaci\u00f3n electr\u00f3nica equivalente. (Es posible darse de baja en cualquier momento).<\/span><br \/>\n<\/span>\n<\/p>\n<p><input class=\"wpcf7-form-control wpcf7-submit has-spinner\" type=\"submit\" value=\"Enviar\" \/>\n<\/p><div class=\"fusion-alert alert custom alert-custom fusion-alert-center wpcf7-response-output fusion-alert-capitalize awb-alert-native-link-color alert-dismissable awb-alert-close-boxed\" style=\"--awb-border-size:1px;--awb-border-top-left-radius:0px;--awb-border-top-right-radius:0px;--awb-border-bottom-left-radius:0px;--awb-border-bottom-right-radius:0px;\" role=\"alert\"><div class=\"fusion-alert-content-wrapper\"><span class=\"fusion-alert-content\"><\/span><\/div><button type=\"button\" class=\"close toggle-alert\" data-dismiss=\"alert\" aria-label=\"Close\">&times;<\/button><\/div>\n<\/form>\n<\/div>\n<div class=\"fusion-clearfix\"><\/div><\/div><\/div><div class=\"fusion-layout-column fusion_builder_column fusion-builder-column-2 fusion_builder_column_1_5 1_5 fusion-one-fifth fusion-column-last fusion-no-small-visibility\" style=\"--awb-bg-size:cover;width:16.8%;\"><div class=\"fusion-column-wrapper fusion-flex-column-wrapper-legacy\"><div class=\"fusion-clearfix\"><\/div><\/div><\/div><\/div><\/div><div id=\"Barcelona\" class=\"fusion-container-anchor\"><div class=\"fusion-fullwidth fullwidth-box fusion-builder-row-2 has-pattern-background has-mask-background nonhundred-percent-fullwidth non-hundred-percent-height-scrolling\" style=\"--awb-border-radius-top-left:0px;--awb-border-radius-top-right:0px;--awb-border-radius-bottom-right:0px;--awb-border-radius-bottom-left:0px;--awb-padding-top:0px;--awb-padding-bottom:40px;--awb-background-image:linear-gradient(180deg, rgba(255,255,255,0) 50%,#fafafa 50%);--awb-flex-wrap:wrap;\" ><div class=\"fusion-builder-row fusion-row\"><div class=\"fusion-layout-column fusion_builder_column fusion-builder-column-3 fusion_builder_column_1_1 1_1 fusion-one-full fusion-column-first fusion-column-last\" style=\"--awb-padding-bottom:20px;--awb-bg-image:url(&#039;https:\/\/myrentalhost.com\/wp-content\/uploads\/2020\/04\/Barcelona.jpg&#039;);--awb-bg-size:cover;\"><div class=\"fusion-column-wrapper fusion-column-has-shadow fusion-flex-column-wrapper-legacy fusion-column-has-bg-image\" data-bg-url=\"https:\/\/myrentalhost.com\/wp-content\/uploads\/2020\/04\/Barcelona.jpg\"><div class=\"fusion-builder-row fusion-builder-row-inner fusion-row\"><div class=\"fusion-layout-column fusion_builder_column_inner fusion-builder-nested-column-0 fusion_builder_column_inner_3_5 3_5 fusion-three-fifth fusion-column-first fusion-no-small-visibility\" style=\"--awb-bg-size:cover;--awb-margin-top:0px;--awb-margin-bottom:5px;width:60%;width:calc(60% - ( ( 4% ) * 0.6 ) );margin-right: 4%;\"><div class=\"fusion-column-wrapper fusion-column-has-shadow fusion-flex-column-wrapper-legacy\"><div class=\"fusion-clearfix\"><\/div><\/div><\/div><div class=\"fusion-layout-column fusion_builder_column_inner fusion-builder-nested-column-1 fusion_builder_column_inner_2_5 2_5 fusion-two-fifth fusion-column-last\" style=\"--awb-padding-top:8%;--awb-padding-right:12%;--awb-padding-bottom:6%;--awb-padding-left:12%;--awb-bg-color:#ffffff;--awb-bg-color-hover:#ffffff;--awb-bg-size:cover;--awb-margin-top:0px;--awb-margin-bottom:0px;width:40%;width:calc(40% - ( ( 4% ) * 0.4 ) );\"><div class=\"fusion-column-wrapper fusion-column-has-shadow fusion-flex-column-wrapper-legacy\"><div class=\"fusion-title title fusion-title-1 fusion-sep-none fusion-title-text fusion-title-size-three\" style=\"--awb-text-color:#181b20;--awb-margin-top-small:8px;--awb-margin-right-small:0px;--awb-margin-bottom-small:16px;--awb-margin-left-small:0px;\"><h3 class=\"fusion-title-heading title-heading-left fusion-responsive-typography-calculated\" style=\"margin:0;--fontSize:28;line-height:1.32;\">Barcelona<\/h3><\/div><div class=\"fusion-sep-clear\"><\/div><div class=\"fusion-separator fusion-clearfix\" style=\"float:left;margin-top:12px;margin-bottom:12px;width:100%;max-width:16px;\"><div class=\"fusion-separator-border sep-single sep-solid\" style=\"--awb-height:20px;--awb-amount:20px;--awb-sep-color:rgba(40,45,51,0.2);border-color:rgba(40,45,51,0.2);border-top-width:3px;\"><\/div><\/div><div class=\"fusion-sep-clear\"><\/div><div class=\"fusion-title title fusion-title-2 fusion-sep-none fusion-title-text fusion-title-size-six\" style=\"--awb-text-color:rgba(24,27,32,0.4);--awb-margin-top:12px;--awb-margin-bottom:6px;--awb-margin-right-small:0px;--awb-margin-bottom-small:6px;--awb-margin-left-small:0px;\"><h6 class=\"fusion-title-heading title-heading-left fusion-responsive-typography-calculated\" style=\"margin:0;--fontSize:12;--minFontSize:12;line-height:1.72;\">Location<\/h6><\/div><div class=\"fusion-text fusion-text-3 paragraph-small\"><p>Carrer del Vallespir, 180, 08014 Barcelona<\/p>\n<div id=\"gtx-trans\" style=\"position: absolute; left: -27px; top: -10px;\">\n<div class=\"gtx-trans-icon\"><\/div>\n<\/div>\n<\/div><div class=\"fusion-title title fusion-title-3 fusion-sep-none fusion-title-text fusion-title-size-six\" style=\"--awb-text-color:rgba(24,27,32,0.4);--awb-margin-top:12px;--awb-margin-bottom:6px;--awb-margin-right-small:0px;--awb-margin-bottom-small:6px;--awb-margin-left-small:0px;\"><h6 class=\"fusion-title-heading title-heading-left fusion-responsive-typography-calculated\" style=\"margin:0;--fontSize:12;--minFontSize:12;line-height:1.72;\">Phone<\/h6><\/div><div class=\"fusion-text fusion-text-4 paragraph-small\"><p><a href=\"tel:+34931651010\">(+34) 931 651 010<\/a><\/p>\n<\/div><div class=\"fusion-title title fusion-title-4 fusion-sep-none fusion-title-text fusion-title-size-six\" style=\"--awb-text-color:rgba(24,27,32,0.4);--awb-margin-top:12px;--awb-margin-bottom:6px;--awb-margin-right-small:0px;--awb-margin-bottom-small:6px;--awb-margin-left-small:0px;\"><h6 class=\"fusion-title-heading title-heading-left fusion-responsive-typography-calculated\" style=\"margin:0;--fontSize:12;--minFontSize:12;line-height:1.72;\">Email<\/h6><\/div><div class=\"fusion-text fusion-text-5 paragraph-small\"><p><a href=\"mailto:info@myrentalhost.com\">info@myrentalhost.com<\/a><\/p>\n<\/div><div class=\"fusion-clearfix\"><\/div><\/div><\/div><\/div><div class=\"fusion-sep-clear\"><\/div><div class=\"fusion-separator fusion-no-small-visibility fusion-full-width-sep\" style=\"margin-left: auto;margin-right: auto;margin-top:12%;margin-bottom:100px;width:100%;\"><\/div><div class=\"fusion-sep-clear\"><\/div><div class=\"fusion-clearfix\"><\/div><\/div><\/div><\/div><\/div><\/div><div id=\"Madrid\" class=\"fusion-container-anchor\"><div class=\"fusion-fullwidth fullwidth-box fusion-builder-row-3 has-pattern-background has-mask-background nonhundred-percent-fullwidth non-hundred-percent-height-scrolling\" style=\"--awb-border-radius-top-left:0px;--awb-border-radius-top-right:0px;--awb-border-radius-bottom-right:0px;--awb-border-radius-bottom-left:0px;--awb-padding-top:0px;--awb-padding-bottom:40px;--awb-background-image:linear-gradient(0deg, rgba(255,255,255,0) 50%,#fafafa 50%);--awb-flex-wrap:wrap;\" ><div class=\"fusion-builder-row fusion-row\"><div class=\"fusion-layout-column fusion_builder_column fusion-builder-column-4 fusion_builder_column_1_1 1_1 fusion-one-full fusion-column-first fusion-column-last\" style=\"--awb-padding-top:100px;--awb-bg-image:url(&#039;https:\/\/myrentalhost.com\/wp-content\/uploads\/2023\/04\/madrid-spain-cityscape-a-2021-08-26-18-13-19-utc-scaled.jpg&#039;);--awb-bg-size:cover;\" data-scroll-devices=\"small-visibility,medium-visibility,large-visibility\"><div class=\"fusion-column-wrapper fusion-column-has-shadow fusion-flex-column-wrapper-legacy fusion-column-has-bg-image\" data-bg-url=\"https:\/\/myrentalhost.com\/wp-content\/uploads\/2023\/04\/madrid-spain-cityscape-a-2021-08-26-18-13-19-utc-scaled.jpg\"><div class=\"fusion-sep-clear\"><\/div><div class=\"fusion-separator fusion-no-small-visibility fusion-full-width-sep\" style=\"margin-left: auto;margin-right: auto;margin-top:12%;margin-bottom:100px;width:100%;\"><\/div><div class=\"fusion-sep-clear\"><\/div><div class=\"fusion-builder-row fusion-builder-row-inner fusion-row\"><div class=\"fusion-layout-column fusion_builder_column_inner fusion-builder-nested-column-2 fusion_builder_column_inner_2_5 2_5 fusion-two-fifth fusion-column-first\" style=\"--awb-padding-top:8%;--awb-padding-right:12%;--awb-padding-bottom:6%;--awb-padding-left:12%;--awb-bg-color:#ffffff;--awb-bg-color-hover:#ffffff;--awb-bg-size:cover;--awb-margin-top:0px;--awb-margin-bottom:0px;width:40%;width:calc(40% - ( ( 4% ) * 0.4 ) );margin-right: 4%;\"><div class=\"fusion-column-wrapper fusion-column-has-shadow fusion-flex-column-wrapper-legacy\"><div class=\"fusion-title title fusion-title-5 fusion-sep-none fusion-title-text fusion-title-size-three\" style=\"--awb-text-color:#181b20;--awb-margin-top-small:8px;--awb-margin-right-small:0px;--awb-margin-bottom-small:16px;--awb-margin-left-small:0px;\"><h3 class=\"fusion-title-heading title-heading-left fusion-responsive-typography-calculated\" style=\"margin:0;--fontSize:28;line-height:1.32;\"><p>Madrid<\/p>\n<div id=\"gtx-trans\" style=\"position: absolute; left: -96px; top: -10px;\">\n<div class=\"gtx-trans-icon\"><\/div>\n<\/div><\/h3><\/div><div class=\"fusion-sep-clear\"><\/div><div class=\"fusion-separator fusion-clearfix\" style=\"float:left;margin-top:12px;margin-bottom:12px;width:100%;max-width:16px;\"><div class=\"fusion-separator-border sep-single sep-solid\" style=\"--awb-height:20px;--awb-amount:20px;--awb-sep-color:rgba(40,45,51,0.2);border-color:rgba(40,45,51,0.2);border-top-width:3px;\"><\/div><\/div><div class=\"fusion-sep-clear\"><\/div><div class=\"fusion-title title fusion-title-6 fusion-sep-none fusion-title-text fusion-title-size-six\" style=\"--awb-text-color:rgba(24,27,32,0.4);--awb-margin-top:12px;--awb-margin-bottom:6px;--awb-margin-right-small:0px;--awb-margin-bottom-small:6px;--awb-margin-left-small:0px;\"><h6 class=\"fusion-title-heading title-heading-left fusion-responsive-typography-calculated\" style=\"margin:0;--fontSize:12;--minFontSize:12;line-height:1.72;\">Phone<\/h6><\/div><div class=\"fusion-text fusion-text-6 paragraph-small\"><p>(+34) 931 65 10 10<\/p>\n<div id=\"gtx-trans\" style=\"position: absolute; left: -30px; top: 38px;\">\n<div class=\"gtx-trans-icon\"><\/div>\n<\/div>\n<\/div><div class=\"fusion-title title fusion-title-7 fusion-sep-none fusion-title-text fusion-title-size-six\" style=\"--awb-text-color:rgba(24,27,32,0.4);--awb-margin-top:12px;--awb-margin-bottom:6px;--awb-margin-right-small:0px;--awb-margin-bottom-small:6px;--awb-margin-left-small:0px;\"><h6 class=\"fusion-title-heading title-heading-left fusion-responsive-typography-calculated\" style=\"margin:0;--fontSize:12;--minFontSize:12;line-height:1.72;\">Email<\/h6><\/div><div class=\"fusion-text fusion-text-7 paragraph-small\"><p><a href=\"mailto:madrid@myrentalhost.com\">madrid@myrentalhost.com<\/a><\/p>\n<div id=\"gtx-trans\" style=\"position: absolute; left: -100px; top: 38px;\">\n<div class=\"gtx-trans-icon\"><\/div>\n<\/div>\n<\/div><div class=\"fusion-clearfix\"><\/div><\/div><\/div><div class=\"fusion-layout-column fusion_builder_column_inner fusion-builder-nested-column-3 fusion_builder_column_inner_3_5 3_5 fusion-three-fifth fusion-column-last fusion-no-small-visibility\" style=\"--awb-bg-size:cover;--awb-margin-top:5px;--awb-margin-bottom:0px;width:60%;width:calc(60% - ( ( 4% ) * 0.6 ) );\"><div class=\"fusion-column-wrapper fusion-column-has-shadow fusion-flex-column-wrapper-legacy\"><div class=\"fusion-clearfix\"><\/div><\/div><\/div><\/div><div class=\"fusion-clearfix\"><\/div><\/div><\/div><\/div><\/div><\/div><\/p>\n","protected":false},"excerpt":{"rendered":"","protected":false},"author":1,"featured_media":0,"parent":0,"menu_order":0,"comment_status":"closed","ping_status":"closed","template":"100-width.php","meta":{"footnotes":""},"class_list":["post-6681","page","type-page","status-publish","hentry"],"yoast_head":"<!-- This site is optimized with the Yoast SEO Premium plugin v23.6 (Yoast SEO v23.6) - https:\/\/yoast.com\/wordpress\/plugins\/seo\/ -->\n<title>Agencia gestion integral pisos turisticos barcelona<\/title>\n<meta name=\"description\" content=\"Agencia Gestion Integral Pisos Turisticos Barcelona Contacto\" \/>\n<meta name=\"robots\" content=\"index, follow, max-snippet:-1, max-image-preview:large, max-video-preview:-1\" \/>\n<link rel=\"canonical\" href=\"https:\/\/myrentalhost.com\/de\/contacto\/\" \/>\n<meta property=\"og:locale\" content=\"de_DE\" \/>\n<meta property=\"og:type\" content=\"article\" \/>\n<meta property=\"og:title\" content=\"Contacto\" \/>\n<meta property=\"og:description\" content=\"Agencia Gestion Integral Pisos Turisticos Barcelona Contacto\" \/>\n<meta property=\"og:url\" content=\"https:\/\/myrentalhost.com\/de\/contacto\/\" \/>\n<meta property=\"og:site_name\" content=\"MyRentalHost\" \/>\n<meta property=\"article:publisher\" content=\"https:\/\/www.facebook.com\/MyRentalHost\/\" \/>\n<meta property=\"article:modified_time\" content=\"2023-04-20T12:59:17+00:00\" \/>\n<meta property=\"og:image\" content=\"https:\/\/myrentalhost.com\/wp-content\/uploads\/2020\/06\/LogoFINALcuiadrado.jpg\" \/>\n\t<meta property=\"og:image:width\" content=\"438\" \/>\n\t<meta property=\"og:image:height\" content=\"430\" \/>\n\t<meta property=\"og:image:type\" content=\"image\/jpeg\" \/>\n<meta name=\"twitter:card\" content=\"summary_large_image\" \/>\n<meta name=\"twitter:site\" content=\"@myrentalhost\" \/>\n<meta name=\"twitter:label1\" content=\"Gesch\u00e4tzte Lesezeit\" \/>\n\t<meta name=\"twitter:data1\" content=\"22\u00a0Minuten\" \/>\n<script type=\"application\/ld+json\" class=\"yoast-schema-graph\">{\"@context\":\"https:\/\/schema.org\",\"@graph\":[{\"@type\":\"WebPage\",\"@id\":\"https:\/\/myrentalhost.com\/de\/contacto\/\",\"url\":\"https:\/\/myrentalhost.com\/de\/contacto\/\",\"name\":\"Agencia gestion integral pisos turisticos barcelona\",\"isPartOf\":{\"@id\":\"https:\/\/myrentalhost.com\/de\/#website\"},\"datePublished\":\"2020-01-06T15:42:43+00:00\",\"dateModified\":\"2023-04-20T12:59:17+00:00\",\"description\":\"Agencia Gestion Integral Pisos Turisticos Barcelona Contacto\",\"breadcrumb\":{\"@id\":\"https:\/\/myrentalhost.com\/de\/contacto\/#breadcrumb\"},\"inLanguage\":\"de\",\"potentialAction\":[{\"@type\":\"ReadAction\",\"target\":[\"https:\/\/myrentalhost.com\/de\/contacto\/\"]}]},{\"@type\":\"BreadcrumbList\",\"@id\":\"https:\/\/myrentalhost.com\/de\/contacto\/#breadcrumb\",\"itemListElement\":[{\"@type\":\"ListItem\",\"position\":1,\"name\":\"Home\",\"item\":\"https:\/\/myrentalhost.com\/de\/\"},{\"@type\":\"ListItem\",\"position\":2,\"name\":\"Contacto\"}]},{\"@type\":\"WebSite\",\"@id\":\"https:\/\/myrentalhost.com\/de\/#website\",\"url\":\"https:\/\/myrentalhost.com\/de\/\",\"name\":\"MyRentalHost\",\"description\":\"Making you the best host in the city\",\"publisher\":{\"@id\":\"https:\/\/myrentalhost.com\/de\/#organization\"},\"potentialAction\":[{\"@type\":\"SearchAction\",\"target\":{\"@type\":\"EntryPoint\",\"urlTemplate\":\"https:\/\/myrentalhost.com\/de\/?s={search_term_string}\"},\"query-input\":{\"@type\":\"PropertyValueSpecification\",\"valueRequired\":true,\"valueName\":\"search_term_string\"}}],\"inLanguage\":\"de\"},{\"@type\":\"Organization\",\"@id\":\"https:\/\/myrentalhost.com\/de\/#organization\",\"name\":\"MyRentalHost\",\"url\":\"https:\/\/myrentalhost.com\/de\/\",\"logo\":{\"@type\":\"ImageObject\",\"inLanguage\":\"de\",\"@id\":\"https:\/\/myrentalhost.com\/de\/#\/schema\/logo\/image\/\",\"url\":\"https:\/\/myrentalhost.com\/wp-content\/uploads\/2020\/06\/LogoFINALcuiadrado.jpg\",\"contentUrl\":\"https:\/\/myrentalhost.com\/wp-content\/uploads\/2020\/06\/LogoFINALcuiadrado.jpg\",\"width\":438,\"height\":430,\"caption\":\"MyRentalHost\"},\"image\":{\"@id\":\"https:\/\/myrentalhost.com\/de\/#\/schema\/logo\/image\/\"},\"sameAs\":[\"https:\/\/www.facebook.com\/MyRentalHost\/\",\"https:\/\/x.com\/myrentalhost\",\"https:\/\/www.instagram.com\/myrentalhost\/\",\"https:\/\/www.linkedin.com\/company\/myrentalhost\/\",\"https:\/\/www.youtube.com\/channel\/UCNMe78UNfgPW--AEVbvNmEQ\"]}]}<\/script>\n<!-- \/ Yoast SEO Premium plugin. -->","yoast_head_json":{"title":"Agencia gestion integral pisos turisticos barcelona","description":"Agencia Gestion Integral Pisos Turisticos Barcelona Contacto","robots":{"index":"index","follow":"follow","max-snippet":"max-snippet:-1","max-image-preview":"max-image-preview:large","max-video-preview":"max-video-preview:-1"},"canonical":"https:\/\/myrentalhost.com\/de\/contacto\/","og_locale":"de_DE","og_type":"article","og_title":"Contacto","og_description":"Agencia Gestion Integral Pisos Turisticos Barcelona Contacto","og_url":"https:\/\/myrentalhost.com\/de\/contacto\/","og_site_name":"MyRentalHost","article_publisher":"https:\/\/www.facebook.com\/MyRentalHost\/","article_modified_time":"2023-04-20T12:59:17+00:00","og_image":[{"width":438,"height":430,"url":"https:\/\/myrentalhost.com\/wp-content\/uploads\/2020\/06\/LogoFINALcuiadrado.jpg","type":"image\/jpeg"}],"twitter_card":"summary_large_image","twitter_site":"@myrentalhost","twitter_misc":{"Gesch\u00e4tzte Lesezeit":"22\u00a0Minuten"},"schema":{"@context":"https:\/\/schema.org","@graph":[{"@type":"WebPage","@id":"https:\/\/myrentalhost.com\/de\/contacto\/","url":"https:\/\/myrentalhost.com\/de\/contacto\/","name":"Agencia gestion integral pisos turisticos barcelona","isPartOf":{"@id":"https:\/\/myrentalhost.com\/de\/#website"},"datePublished":"2020-01-06T15:42:43+00:00","dateModified":"2023-04-20T12:59:17+00:00","description":"Agencia Gestion Integral Pisos Turisticos Barcelona Contacto","breadcrumb":{"@id":"https:\/\/myrentalhost.com\/de\/contacto\/#breadcrumb"},"inLanguage":"de","potentialAction":[{"@type":"ReadAction","target":["https:\/\/myrentalhost.com\/de\/contacto\/"]}]},{"@type":"BreadcrumbList","@id":"https:\/\/myrentalhost.com\/de\/contacto\/#breadcrumb","itemListElement":[{"@type":"ListItem","position":1,"name":"Home","item":"https:\/\/myrentalhost.com\/de\/"},{"@type":"ListItem","position":2,"name":"Contacto"}]},{"@type":"WebSite","@id":"https:\/\/myrentalhost.com\/de\/#website","url":"https:\/\/myrentalhost.com\/de\/","name":"MyRentalHost","description":"Making you the best host in the city","publisher":{"@id":"https:\/\/myrentalhost.com\/de\/#organization"},"potentialAction":[{"@type":"SearchAction","target":{"@type":"EntryPoint","urlTemplate":"https:\/\/myrentalhost.com\/de\/?s={search_term_string}"},"query-input":{"@type":"PropertyValueSpecification","valueRequired":true,"valueName":"search_term_string"}}],"inLanguage":"de"},{"@type":"Organization","@id":"https:\/\/myrentalhost.com\/de\/#organization","name":"MyRentalHost","url":"https:\/\/myrentalhost.com\/de\/","logo":{"@type":"ImageObject","inLanguage":"de","@id":"https:\/\/myrentalhost.com\/de\/#\/schema\/logo\/image\/","url":"https:\/\/myrentalhost.com\/wp-content\/uploads\/2020\/06\/LogoFINALcuiadrado.jpg","contentUrl":"https:\/\/myrentalhost.com\/wp-content\/uploads\/2020\/06\/LogoFINALcuiadrado.jpg","width":438,"height":430,"caption":"MyRentalHost"},"image":{"@id":"https:\/\/myrentalhost.com\/de\/#\/schema\/logo\/image\/"},"sameAs":["https:\/\/www.facebook.com\/MyRentalHost\/","https:\/\/x.com\/myrentalhost","https:\/\/www.instagram.com\/myrentalhost\/","https:\/\/www.linkedin.com\/company\/myrentalhost\/","https:\/\/www.youtube.com\/channel\/UCNMe78UNfgPW--AEVbvNmEQ"]}]}},"_links":{"self":[{"href":"https:\/\/myrentalhost.com\/de\/wp-json\/wp\/v2\/pages\/6681","targetHints":{"allow":["GET"]}}],"collection":[{"href":"https:\/\/myrentalhost.com\/de\/wp-json\/wp\/v2\/pages"}],"about":[{"href":"https:\/\/myrentalhost.com\/de\/wp-json\/wp\/v2\/types\/page"}],"author":[{"embeddable":true,"href":"https:\/\/myrentalhost.com\/de\/wp-json\/wp\/v2\/users\/1"}],"replies":[{"embeddable":true,"href":"https:\/\/myrentalhost.com\/de\/wp-json\/wp\/v2\/comments?post=6681"}],"version-history":[{"count":6,"href":"https:\/\/myrentalhost.com\/de\/wp-json\/wp\/v2\/pages\/6681\/revisions"}],"predecessor-version":[{"id":6718,"href":"https:\/\/myrentalhost.com\/de\/wp-json\/wp\/v2\/pages\/6681\/revisions\/6718"}],"wp:attachment":[{"href":"https:\/\/myrentalhost.com\/de\/wp-json\/wp\/v2\/media?parent=6681"}],"curies":[{"name":"wp","href":"https:\/\/api.w.org\/{rel}","templated":true}]}}