{"id":8318,"date":"2025-03-05T21:50:19","date_gmt":"2025-03-05T21:50:19","guid":{"rendered":"https:\/\/myrentalhost.com\/?page_id=8318"},"modified":"2025-03-05T22:20:10","modified_gmt":"2025-03-05T22:20:10","slug":"actividades-en-barcelona","status":"publish","type":"page","link":"https:\/\/myrentalhost.com\/de\/actividades-en-barcelona\/","title":{"rendered":"Barcelona Top: Experiencias unicas"},"content":{"rendered":"<p><div class=\"fusion-fullwidth fullwidth-box fusion-builder-row-1 fusion-flex-container has-pattern-background has-mask-background fusion-parallax-none nonhundred-percent-fullwidth non-hundred-percent-height-scrolling\" style=\"--awb-background-position:right top;--awb-border-radius-top-left:0px;--awb-border-radius-top-right:0px;--awb-border-radius-bottom-right:0px;--awb-border-radius-bottom-left:0px;--awb-padding-top:120px;--awb-padding-bottom:115px;--awb-margin-bottom:0px;--awb-background-color:#192e37;--awb-background-image:linear-gradient(230deg, rgba(25,47,56,0.4) 0%,#192e37 85%),url(https:\/\/myrentalhost.com\/wp-content\/uploads\/2020\/05\/barcelona1.jpg);;--awb-background-size:cover;--awb-flex-wrap:wrap;\" ><div class=\"fusion-builder-row fusion-row fusion-flex-align-items-flex-start fusion-flex-content-wrap\" style=\"max-width:1320.8px;margin-left: calc(-4% \/ 2 );margin-right: calc(-4% \/ 2 );\"><div class=\"fusion-layout-column fusion_builder_column fusion-builder-column-0 fusion_builder_column_2_3 2_3 fusion-flex-column\" style=\"--awb-padding-left:39px;--awb-padding-left-medium:80px;--awb-bg-size:cover;--awb-border-color:hsla(calc(12 + 31),100%,71%,100%);--awb-border-left:5px;--awb-border-style:solid;--awb-width-large:66.666666666667%;--awb-margin-top-large:0px;--awb-spacing-right-large:0%;--awb-margin-bottom-large:0px;--awb-spacing-left-large:2.88%;--awb-width-medium:100%;--awb-order-medium:0;--awb-spacing-right-medium:1.92%;--awb-spacing-left-medium:1.92%;--awb-width-small:100%;--awb-order-small:0;--awb-spacing-right-small:1.92%;--awb-spacing-left-small:1.92%;\"><div class=\"fusion-column-wrapper fusion-column-has-shadow fusion-flex-justify-content-flex-start fusion-content-layout-column\"><div class=\"fusion-title title fusion-title-1 fusion-sep-none fusion-title-text fusion-title-size-one\" style=\"--awb-text-color:#ffffff;--awb-margin-top:0px;--awb-margin-bottom:20px;--awb-margin-top-small:8px;--awb-margin-right-small:0px;--awb-margin-bottom-small:16px;--awb-margin-left-small:0px;--awb-font-size:3em;\"><h1 class=\"fusion-title-heading title-heading-left fusion-responsive-typography-calculated\" style=\"font-family:&quot;Montserrat&quot;;font-style:normal;font-weight:600;margin:0;letter-spacing:0px;text-transform:capitalize;font-size:1em;--fontSize:48;line-height:1.3;\">Descubre lo Mejor de Barcelona con MyRentalHost: Experiencias \u00danicas para Recordar<\/h1><\/div><\/div><\/div><\/div><\/div><div class=\"fusion-fullwidth fullwidth-box fusion-builder-row-2 fusion-flex-container has-pattern-background has-mask-background nonhundred-percent-fullwidth non-hundred-percent-height-scrolling\" style=\"--awb-border-radius-top-left:0px;--awb-border-radius-top-right:0px;--awb-border-radius-bottom-right:0px;--awb-border-radius-bottom-left:0px;--awb-padding-bottom:0px;--awb-flex-wrap:wrap;\" ><div class=\"fusion-builder-row fusion-row fusion-flex-align-items-flex-start fusion-flex-content-wrap\" style=\"max-width:1320.8px;margin-left: calc(-4% \/ 2 );margin-right: calc(-4% \/ 2 );\"><div class=\"fusion-layout-column fusion_builder_column fusion-builder-column-1 fusion_builder_column_1_1 1_1 fusion-flex-column\" style=\"--awb-bg-size:cover;--awb-width-large:100%;--awb-margin-top-large:25px;--awb-spacing-right-large:1.92%;--awb-margin-bottom-large:25px;--awb-spacing-left-large:1.92%;--awb-width-medium:100%;--awb-order-medium:0;--awb-spacing-right-medium:1.92%;--awb-spacing-left-medium:1.92%;--awb-width-small:100%;--awb-order-small:0;--awb-spacing-right-small:1.92%;--awb-spacing-left-small:1.92%;\"><div class=\"fusion-column-wrapper fusion-column-has-shadow fusion-flex-justify-content-flex-start fusion-content-layout-column\"><div class=\"fusion-text fusion-text-1\"><p style=\"font-size: 18px; font-family: Montserrat; font-weight: 400;\" data-fusion-font=\"true\" data-fusion-google-font=\"Montserrat\" data-fusion-google-variant=\"400\">\u00a1Llevamos m\u00e1s 15 a\u00f1os explorando Barcelona! Sabemos lo que mola y, junto a nuestro partner Civitatis, hemos seleccionado las mejores actividades para ti. <span style=\"color: var(--awb-text-color); font-style: var(--awb-text-font-style); letter-spacing: var(--awb-letter-spacing); text-align: var(--awb-content-alignment); text-transform: var(--awb-text-transform); background-color: var(--awb-bg-color-hover);\">Escoge tu favorita y aprovecha descuentos especiales al reservar aqu\u00ed.<\/span><\/p>\n<\/div><\/div><\/div><\/div><\/div><div class=\"fusion-fullwidth fullwidth-box fusion-builder-row-3 fusion-flex-container has-pattern-background has-mask-background nonhundred-percent-fullwidth non-hundred-percent-height-scrolling\" style=\"--awb-border-radius-top-left:0px;--awb-border-radius-top-right:0px;--awb-border-radius-bottom-right:0px;--awb-border-radius-bottom-left:0px;--awb-padding-top:0px;--awb-padding-bottom:0px;--awb-margin-bottom:0px;--awb-flex-wrap:wrap;\" ><div class=\"fusion-builder-row fusion-row fusion-flex-align-items-flex-start fusion-flex-content-wrap\" style=\"max-width:1320.8px;margin-left: calc(-4% \/ 2 );margin-right: calc(-4% \/ 2 );\"><div class=\"fusion-layout-column fusion_builder_column fusion-builder-column-2 fusion_builder_column_1_1 1_1 fusion-flex-column\" style=\"--awb-bg-size:cover;--awb-width-large:100%;--awb-margin-top-large:25px;--awb-spacing-right-large:1.92%;--awb-margin-bottom-large:25px;--awb-spacing-left-large:1.92%;--awb-width-medium:100%;--awb-order-medium:0;--awb-spacing-right-medium:1.92%;--awb-spacing-left-medium:1.92%;--awb-width-small:100%;--awb-order-small:0;--awb-spacing-right-small:1.92%;--awb-spacing-left-small:1.92%;\"><div class=\"fusion-column-wrapper fusion-column-has-shadow fusion-flex-justify-content-flex-start fusion-content-layout-column\"><a class=\"fusion-modal-text-link\" href=\"#\">\n<div style=\"text-align: center;\"><iframe class=\"civitatis-iframe\" style=\"max-width: 100%;\" src=\"https:\/\/myrentalhost.civitatis.com\/widget-activities\/?agencyId=40817&amp;display=cosy&amp;cant=20&amp;lang=es&amp;currency=EUR&amp;destination=35&amp;transfer=0&amp;cmp=Widget_Barcelona_ES&amp;width=100%&amp;height=5000px&amp;hideButton=0&amp;centerContent=1&amp;typeSelection=all&amp;color=6389dd&amp;typography=Open+Sans&amp;removeBackground=1&amp;showShadow=1&amp;roundedButtons=1\" width=\"100%\" height=\"3690px\" frameborder=\"0\" data-maxwidth=\"100%\"><\/iframe><\/div>\n<\/a><\/div><\/div><\/div><\/div><div class=\"fusion-fullwidth fullwidth-box fusion-builder-row-4 fusion-flex-container has-pattern-background has-mask-background nonhundred-percent-fullwidth non-hundred-percent-height-scrolling\" style=\"--awb-border-radius-top-left:0px;--awb-border-radius-top-right:0px;--awb-border-radius-bottom-right:0px;--awb-border-radius-bottom-left:0px;--awb-padding-top:0px;--awb-padding-bottom:0px;--awb-flex-wrap:wrap;\" ><div class=\"fusion-builder-row fusion-row fusion-flex-align-items-flex-start fusion-flex-content-wrap\" style=\"max-width:1320.8px;margin-left: calc(-4% \/ 2 );margin-right: calc(-4% \/ 2 );\"><div class=\"fusion-layout-column fusion_builder_column fusion-builder-column-3 fusion_builder_column_1_1 1_1 fusion-flex-column\" style=\"--awb-bg-size:cover;--awb-width-large:100%;--awb-margin-top-large:25px;--awb-spacing-right-large:1.92%;--awb-margin-bottom-large:25px;--awb-spacing-left-large:1.92%;--awb-width-medium:100%;--awb-order-medium:0;--awb-spacing-right-medium:1.92%;--awb-spacing-left-medium:1.92%;--awb-width-small:100%;--awb-order-small:0;--awb-spacing-right-small:1.92%;--awb-spacing-left-small:1.92%;\"><div class=\"fusion-column-wrapper fusion-column-has-shadow fusion-flex-justify-content-flex-start fusion-content-layout-column\"><div class=\"fusion-text fusion-text-2\"><p style=\"font-family: Montserrat; font-weight: 400; font-size: 19px; line-height: 33.8px; letter-spacing: normal;\" data-fusion-font=\"true\" data-fusion-google-font=\"Montserrat\" data-fusion-google-variant=\"400\">\u00bfTe apetece explorar Barcelona? \u00a1No te pierdas nuestras actividades seleccionadas! Haz clic en tu favorita, reserva con nuestros descuentos especiales y prep\u00e1rate para disfrutar. Y si tienes alguna duda, simplemente haz clic en el icono de WhatsApp en la esquina para chatear en vivo con nuestro equipo. Estamos aqu\u00ed para ayudarte a hacer de tu viaje una experiencia perfecta. \u00a1An\u00edmate, Barcelona te espera con los brazos abiertos!<\/p>\n<\/div><\/div><\/div><\/div><\/div><\/p>\n","protected":false},"excerpt":{"rendered":"","protected":false},"author":1,"featured_media":0,"parent":0,"menu_order":0,"comment_status":"closed","ping_status":"closed","template":"","meta":{"footnotes":""},"class_list":["post-8318","page","type-page","status-publish","hentry"],"yoast_head":"<!-- This site is optimized with the Yoast SEO Premium plugin v23.6 (Yoast SEO v23.6) - https:\/\/yoast.com\/wordpress\/plugins\/seo\/ -->\n<title>Barcelona: Ofertas en Actividades \u00danicas - MyRentalHost<\/title>\n<meta name=\"description\" content=\"Explora Barcelona de manera diferente con MyRentalHost. Encuentra actividades seleccionadas y disfruta de descuentos exclusivos al reservar.\" \/>\n<meta name=\"robots\" content=\"index, follow, max-snippet:-1, max-image-preview:large, max-video-preview:-1\" \/>\n<link rel=\"canonical\" href=\"https:\/\/myrentalhost.com\/de\/actividades-en-barcelona\/\" \/>\n<meta property=\"og:locale\" content=\"de_DE\" \/>\n<meta property=\"og:type\" content=\"article\" \/>\n<meta property=\"og:title\" content=\"\u00a1Explora lo Mejor de Barcelona! Descuentos Exclusivos en MyRentalHost\" \/>\n<meta property=\"og:description\" content=\"Sum\u00e9rgete en las maravillas de Barcelona con nuestras actividades cuidadosamente seleccionadas. Aprovecha descuentos exclusivos al reservar a trav\u00e9s de MyRentalHost y crea recuerdos que durar\u00e1n toda la vida. \u00a1Explora ahora!\" \/>\n<meta property=\"og:url\" content=\"https:\/\/myrentalhost.com\/de\/actividades-en-barcelona\/\" \/>\n<meta property=\"og:site_name\" content=\"MyRentalHost\" \/>\n<meta property=\"article:publisher\" content=\"https:\/\/www.facebook.com\/MyRentalHost\/\" \/>\n<meta property=\"article:modified_time\" content=\"2025-03-05T22:20:10+00:00\" \/>\n<meta property=\"og:image\" content=\"https:\/\/myrentalhost.com\/wp-content\/uploads\/2020\/06\/LogoFINALcuiadrado.jpg\" \/>\n\t<meta property=\"og:image:width\" content=\"438\" \/>\n\t<meta property=\"og:image:height\" content=\"430\" \/>\n\t<meta property=\"og:image:type\" content=\"image\/jpeg\" \/>\n<meta name=\"twitter:card\" content=\"summary_large_image\" \/>\n<meta name=\"twitter:title\" content=\"Xplora Barcelona: Descuentos y Aventuras Exclusivas con MyRentalHost\" \/>\n<meta name=\"twitter:description\" content=\"En &#039;Xperience Barcelona&#039;, seleccionamos solo las mejores actividades para que descubras la ciudad como nunca antes. Desde tours culturales hasta aventuras al aire libre, cada opci\u00f3n est\u00e1 dise\u00f1ada para ofrecerte una experiencia inolvidable. Reserva ahora y aprovecha nuestros descuentos exclusivos. \u00a1Tu aventura en Barcelona comienza aqu\u00ed!\" \/>\n<meta name=\"twitter:site\" content=\"@myrentalhost\" \/>\n<meta name=\"twitter:label1\" content=\"Gesch\u00e4tzte Lesezeit\" \/>\n\t<meta name=\"twitter:data1\" content=\"12\u00a0Minuten\" \/>\n<script type=\"application\/ld+json\" class=\"yoast-schema-graph\">{\"@context\":\"https:\/\/schema.org\",\"@graph\":[{\"@type\":\"WebPage\",\"@id\":\"https:\/\/myrentalhost.com\/de\/actividades-en-barcelona\/\",\"url\":\"https:\/\/myrentalhost.com\/de\/actividades-en-barcelona\/\",\"name\":\"Barcelona: Ofertas en Actividades \u00danicas - MyRentalHost\",\"isPartOf\":{\"@id\":\"https:\/\/myrentalhost.com\/de\/#website\"},\"datePublished\":\"2025-03-05T21:50:19+00:00\",\"dateModified\":\"2025-03-05T22:20:10+00:00\",\"description\":\"Explora Barcelona de manera diferente con MyRentalHost. Encuentra actividades seleccionadas y disfruta de descuentos exclusivos al reservar.\",\"breadcrumb\":{\"@id\":\"https:\/\/myrentalhost.com\/de\/actividades-en-barcelona\/#breadcrumb\"},\"inLanguage\":\"de\",\"potentialAction\":[{\"@type\":\"ReadAction\",\"target\":[\"https:\/\/myrentalhost.com\/de\/actividades-en-barcelona\/\"]}]},{\"@type\":\"BreadcrumbList\",\"@id\":\"https:\/\/myrentalhost.com\/de\/actividades-en-barcelona\/#breadcrumb\",\"itemListElement\":[{\"@type\":\"ListItem\",\"position\":1,\"name\":\"Home\",\"item\":\"https:\/\/myrentalhost.com\/de\/\"},{\"@type\":\"ListItem\",\"position\":2,\"name\":\"Barcelona Top: Experiencias unicas\"}]},{\"@type\":\"WebSite\",\"@id\":\"https:\/\/myrentalhost.com\/de\/#website\",\"url\":\"https:\/\/myrentalhost.com\/de\/\",\"name\":\"MyRentalHost\",\"description\":\"Making you the best host in the city\",\"publisher\":{\"@id\":\"https:\/\/myrentalhost.com\/de\/#organization\"},\"potentialAction\":[{\"@type\":\"SearchAction\",\"target\":{\"@type\":\"EntryPoint\",\"urlTemplate\":\"https:\/\/myrentalhost.com\/de\/?s={search_term_string}\"},\"query-input\":{\"@type\":\"PropertyValueSpecification\",\"valueRequired\":true,\"valueName\":\"search_term_string\"}}],\"inLanguage\":\"de\"},{\"@type\":\"Organization\",\"@id\":\"https:\/\/myrentalhost.com\/de\/#organization\",\"name\":\"MyRentalHost\",\"url\":\"https:\/\/myrentalhost.com\/de\/\",\"logo\":{\"@type\":\"ImageObject\",\"inLanguage\":\"de\",\"@id\":\"https:\/\/myrentalhost.com\/de\/#\/schema\/logo\/image\/\",\"url\":\"https:\/\/myrentalhost.com\/wp-content\/uploads\/2020\/06\/LogoFINALcuiadrado.jpg\",\"contentUrl\":\"https:\/\/myrentalhost.com\/wp-content\/uploads\/2020\/06\/LogoFINALcuiadrado.jpg\",\"width\":438,\"height\":430,\"caption\":\"MyRentalHost\"},\"image\":{\"@id\":\"https:\/\/myrentalhost.com\/de\/#\/schema\/logo\/image\/\"},\"sameAs\":[\"https:\/\/www.facebook.com\/MyRentalHost\/\",\"https:\/\/x.com\/myrentalhost\",\"https:\/\/www.instagram.com\/myrentalhost\/\",\"https:\/\/www.linkedin.com\/company\/myrentalhost\/\",\"https:\/\/www.youtube.com\/channel\/UCNMe78UNfgPW--AEVbvNmEQ\"]}]}<\/script>\n<!-- \/ Yoast SEO Premium plugin. -->","yoast_head_json":{"title":"Barcelona: Ofertas en Actividades \u00danicas - MyRentalHost","description":"Explora Barcelona de manera diferente con MyRentalHost. Encuentra actividades seleccionadas y disfruta de descuentos exclusivos al reservar.","robots":{"index":"index","follow":"follow","max-snippet":"max-snippet:-1","max-image-preview":"max-image-preview:large","max-video-preview":"max-video-preview:-1"},"canonical":"https:\/\/myrentalhost.com\/de\/actividades-en-barcelona\/","og_locale":"de_DE","og_type":"article","og_title":"\u00a1Explora lo Mejor de Barcelona! Descuentos Exclusivos en MyRentalHost","og_description":"Sum\u00e9rgete en las maravillas de Barcelona con nuestras actividades cuidadosamente seleccionadas. Aprovecha descuentos exclusivos al reservar a trav\u00e9s de MyRentalHost y crea recuerdos que durar\u00e1n toda la vida. \u00a1Explora ahora!","og_url":"https:\/\/myrentalhost.com\/de\/actividades-en-barcelona\/","og_site_name":"MyRentalHost","article_publisher":"https:\/\/www.facebook.com\/MyRentalHost\/","article_modified_time":"2025-03-05T22:20:10+00:00","og_image":[{"width":438,"height":430,"url":"https:\/\/myrentalhost.com\/wp-content\/uploads\/2020\/06\/LogoFINALcuiadrado.jpg","type":"image\/jpeg"}],"twitter_card":"summary_large_image","twitter_title":"Xplora Barcelona: Descuentos y Aventuras Exclusivas con MyRentalHost","twitter_description":"En 'Xperience Barcelona', seleccionamos solo las mejores actividades para que descubras la ciudad como nunca antes. Desde tours culturales hasta aventuras al aire libre, cada opci\u00f3n est\u00e1 dise\u00f1ada para ofrecerte una experiencia inolvidable. Reserva ahora y aprovecha nuestros descuentos exclusivos. \u00a1Tu aventura en Barcelona comienza aqu\u00ed!","twitter_site":"@myrentalhost","twitter_misc":{"Gesch\u00e4tzte Lesezeit":"12\u00a0Minuten"},"schema":{"@context":"https:\/\/schema.org","@graph":[{"@type":"WebPage","@id":"https:\/\/myrentalhost.com\/de\/actividades-en-barcelona\/","url":"https:\/\/myrentalhost.com\/de\/actividades-en-barcelona\/","name":"Barcelona: Ofertas en Actividades \u00danicas - MyRentalHost","isPartOf":{"@id":"https:\/\/myrentalhost.com\/de\/#website"},"datePublished":"2025-03-05T21:50:19+00:00","dateModified":"2025-03-05T22:20:10+00:00","description":"Explora Barcelona de manera diferente con MyRentalHost. Encuentra actividades seleccionadas y disfruta de descuentos exclusivos al reservar.","breadcrumb":{"@id":"https:\/\/myrentalhost.com\/de\/actividades-en-barcelona\/#breadcrumb"},"inLanguage":"de","potentialAction":[{"@type":"ReadAction","target":["https:\/\/myrentalhost.com\/de\/actividades-en-barcelona\/"]}]},{"@type":"BreadcrumbList","@id":"https:\/\/myrentalhost.com\/de\/actividades-en-barcelona\/#breadcrumb","itemListElement":[{"@type":"ListItem","position":1,"name":"Home","item":"https:\/\/myrentalhost.com\/de\/"},{"@type":"ListItem","position":2,"name":"Barcelona Top: Experiencias unicas"}]},{"@type":"WebSite","@id":"https:\/\/myrentalhost.com\/de\/#website","url":"https:\/\/myrentalhost.com\/de\/","name":"MyRentalHost","description":"Making you the best host in the city","publisher":{"@id":"https:\/\/myrentalhost.com\/de\/#organization"},"potentialAction":[{"@type":"SearchAction","target":{"@type":"EntryPoint","urlTemplate":"https:\/\/myrentalhost.com\/de\/?s={search_term_string}"},"query-input":{"@type":"PropertyValueSpecification","valueRequired":true,"valueName":"search_term_string"}}],"inLanguage":"de"},{"@type":"Organization","@id":"https:\/\/myrentalhost.com\/de\/#organization","name":"MyRentalHost","url":"https:\/\/myrentalhost.com\/de\/","logo":{"@type":"ImageObject","inLanguage":"de","@id":"https:\/\/myrentalhost.com\/de\/#\/schema\/logo\/image\/","url":"https:\/\/myrentalhost.com\/wp-content\/uploads\/2020\/06\/LogoFINALcuiadrado.jpg","contentUrl":"https:\/\/myrentalhost.com\/wp-content\/uploads\/2020\/06\/LogoFINALcuiadrado.jpg","width":438,"height":430,"caption":"MyRentalHost"},"image":{"@id":"https:\/\/myrentalhost.com\/de\/#\/schema\/logo\/image\/"},"sameAs":["https:\/\/www.facebook.com\/MyRentalHost\/","https:\/\/x.com\/myrentalhost","https:\/\/www.instagram.com\/myrentalhost\/","https:\/\/www.linkedin.com\/company\/myrentalhost\/","https:\/\/www.youtube.com\/channel\/UCNMe78UNfgPW--AEVbvNmEQ"]}]}},"_links":{"self":[{"href":"https:\/\/myrentalhost.com\/de\/wp-json\/wp\/v2\/pages\/8318","targetHints":{"allow":["GET"]}}],"collection":[{"href":"https:\/\/myrentalhost.com\/de\/wp-json\/wp\/v2\/pages"}],"about":[{"href":"https:\/\/myrentalhost.com\/de\/wp-json\/wp\/v2\/types\/page"}],"author":[{"embeddable":true,"href":"https:\/\/myrentalhost.com\/de\/wp-json\/wp\/v2\/users\/1"}],"replies":[{"embeddable":true,"href":"https:\/\/myrentalhost.com\/de\/wp-json\/wp\/v2\/comments?post=8318"}],"version-history":[{"count":6,"href":"https:\/\/myrentalhost.com\/de\/wp-json\/wp\/v2\/pages\/8318\/revisions"}],"predecessor-version":[{"id":8359,"href":"https:\/\/myrentalhost.com\/de\/wp-json\/wp\/v2\/pages\/8318\/revisions\/8359"}],"wp:attachment":[{"href":"https:\/\/myrentalhost.com\/de\/wp-json\/wp\/v2\/media?parent=8318"}],"curies":[{"name":"wp","href":"https:\/\/api.w.org\/{rel}","templated":true}]}}