{"id":3567,"date":"2020-06-04T21:42:06","date_gmt":"2020-06-04T21:42:06","guid":{"rendered":"https:\/\/myrentalhost.com\/partners\/"},"modified":"2020-06-10T21:59:20","modified_gmt":"2020-06-10T21:59:20","slug":"partners","status":"publish","type":"page","link":"https:\/\/myrentalhost.com\/en\/partners\/","title":{"rendered":"Partners"},"content":{"rendered":"<p><div class=\"fusion-fullwidth fullwidth-box fusion-builder-row-1 nonhundred-percent-fullwidth non-hundred-percent-height-scrolling\" style=\"--awb-border-radius-top-left:0px;--awb-border-radius-top-right:0px;--awb-border-radius-bottom-right:0px;--awb-border-radius-bottom-left:0px;--awb-padding-top:0px;--awb-margin-top:0px;--awb-flex-wrap:wrap;\" ><div class=\"fusion-builder-row fusion-row\"><div class=\"fusion-layout-column fusion_builder_column fusion-builder-column-0 fusion_builder_column_1_2 1_2 fusion-one-half fusion-column-first\" style=\"--awb-bg-size:cover;width:50%;width:calc(50% - ( ( 4% ) * 0.5 ) );margin-right: 4%;\"><div class=\"fusion-column-wrapper fusion-column-has-shadow fusion-flex-column-wrapper-legacy\"><div class=\"fusion-image-element in-legacy-container\" style=\"--awb-max-width:100%;--awb-caption-title-font-family:var(--h2_typography-font-family);--awb-caption-title-font-weight:var(--h2_typography-font-weight);--awb-caption-title-font-style:var(--h2_typography-font-style);--awb-caption-title-size:var(--h2_typography-font-size);--awb-caption-title-transform:var(--h2_typography-text-transform);--awb-caption-title-line-height:var(--h2_typography-line-height);--awb-caption-title-letter-spacing:var(--h2_typography-letter-spacing);\"><span class=\" fusion-imageframe imageframe-glow imageframe-1 hover-type-none\" style=\"-webkit-box-shadow: 0 0 4px rgba(24,27,32,0.3);box-shadow: 0 0 4px rgba(24,27,32,0.3);\"><img decoding=\"async\" width=\"615\" height=\"401\" title=\"Partners\" src=\"https:\/\/myrentalhost.com\/wp-content\/uploads\/2020\/06\/Partners.jpg\" alt class=\"img-responsive wp-image-3426\" srcset=\"https:\/\/myrentalhost.com\/wp-content\/uploads\/2020\/06\/Partners-200x130.jpg 200w, https:\/\/myrentalhost.com\/wp-content\/uploads\/2020\/06\/Partners-400x261.jpg 400w, https:\/\/myrentalhost.com\/wp-content\/uploads\/2020\/06\/Partners-600x391.jpg 600w, https:\/\/myrentalhost.com\/wp-content\/uploads\/2020\/06\/Partners.jpg 615w\" sizes=\"(max-width: 800px) 100vw, 615px\" \/><\/span><\/div><div class=\"fusion-clearfix\"><\/div><\/div><\/div><div class=\"fusion-layout-column fusion_builder_column fusion-builder-column-1 fusion_builder_column_1_2 1_2 fusion-one-half fusion-column-last\" style=\"--awb-bg-size:cover;width:50%;width:calc(50% - ( ( 4% ) * 0.5 ) );\"><div class=\"fusion-column-wrapper fusion-column-has-shadow fusion-flex-column-wrapper-legacy\"><div class=\"fusion-text fusion-text-1\"><h1 style=\"--fontsize: 22; line-height: 1.34; --minfontsize: 22;\"><strong><span style=\"color: rgb(46, 173, 225); font-family: 'Work Sans'; font-weight: 300;\" data-fusion-font=\"true\" data-fusion-google-font=\"Work Sans\" data-fusion-google-variant=\"300\" data-fusion-google-subset=\"latin\">MyRentalHost Partners<\/span><\/strong><\/h1>\n<p style=\"--fontsize: 22; line-height: 1.34; --minfontsize: 22;\"><span style=\"font-family: 'Work Sans'; font-weight: 300;\" data-fusion-font=\"true\" data-fusion-google-font=\"Work Sans\" data-fusion-google-variant=\"300\" data-fusion-google-subset=\"latin\">La mejor soluci\u00f3n para grandes administradores de apartamentos turisticos en Barcelona y Buenos Aires<\/span><\/p>\n<p style=\"font-family: 'Work Sans'; font-weight: 300;\" data-fusion-font=\"true\" data-fusion-google-font=\"Work Sans\" data-fusion-google-variant=\"300\" data-fusion-google-subset=\"latin\">UN SERVICIO EXCLUSIVO PENSADO EXCLUSIVAMENTE PARA EMPRESAS QUE CUENTAN CON FINCAS ENTERAS, O GRANDES ADMINISTRADORES QUE NECESITAN TERCERIZAR LA GESTION INTEGRAL.<\/p>\n<\/div><div class=\"fusion-sep-clear\"><\/div><div class=\"fusion-separator fusion-has-icon fusion-full-width-sep\" style=\"margin-left: auto;margin-right: auto;margin-bottom:20px;width:100%;max-width:100%;\"><div class=\"fusion-separator-border sep-single sep-solid\" style=\"--awb-height:20px;--awb-amount:20px;--awb-sep-color:#e0dede;border-color:#e0dede;border-top-width:2px;\"><\/div><span class=\"icon-wrapper\" style=\"border-color:#e0dede;background-color:#ffffff;font-size:16px;width: 1.75em; height: 1.75em;border-width:2px;padding:2px;margin-top:-1px\"><i class=\"fa-star fas\" style=\"font-size: inherit;color:#e0dede;\" aria-hidden=\"true\"><\/i><\/span><div class=\"fusion-separator-border sep-single sep-solid\" style=\"--awb-height:20px;--awb-amount:20px;--awb-sep-color:#e0dede;border-color:#e0dede;border-top-width:2px;\"><\/div><\/div><div class=\"fusion-sep-clear\"><\/div><div class=\"fusion-text fusion-text-2\"><p style=\"font-family: 'Work Sans'; font-weight: 300;\" data-fusion-font=\"true\" data-fusion-google-font=\"Work Sans\" data-fusion-google-variant=\"300\" data-fusion-google-subset=\"latin\">\u00bfCuenta con una finca entera o tiene varios apartamentos en Barcelona y Buenos Aires y necesita tercerizar la gestion a integral a una empresa con experiencia y seriedad? Conozca todo lo que nuestro equipo puede hacer por usted en MyRentalHost Partners.<\/p>\n<\/div><div class=\"fusion-clearfix\"><\/div><\/div><\/div><\/div><\/div><div class=\"fusion-fullwidth fullwidth-box fusion-builder-row-2 fusion-parallax-none nonhundred-percent-fullwidth non-hundred-percent-height-scrolling\" style=\"--awb-border-radius-top-left:0px;--awb-border-radius-top-right:0px;--awb-border-radius-bottom-right:0px;--awb-border-radius-bottom-left:0px;--awb-padding-top:0px;--awb-padding-bottom:0px;--awb-background-image:url(&quot;https:\/\/myrentalhost.com\/wp-content\/uploads\/2020\/01\/textile-decoration-scaled-1.jpg&quot;);--awb-background-size:cover;--awb-flex-wrap:wrap;\" ><div class=\"fusion-builder-row fusion-row\"><div class=\"fusion-layout-column fusion_builder_column fusion-builder-column-2 fusion_builder_column_1_1 1_1 fusion-one-full fusion-column-first fusion-column-last\" style=\"--awb-bg-image:url(&#039;https:\/\/myrentalhost.com\/wp-content\/uploads\/2020\/01\/textile-decoration-scaled-1.jpg&#039;);--awb-bg-size:cover;--awb-margin-top:0px;--awb-margin-bottom:0px;\"><div class=\"fusion-column-wrapper fusion-column-has-shadow fusion-flex-column-wrapper-legacy fusion-column-has-bg-image\" data-bg-url=\"https:\/\/myrentalhost.com\/wp-content\/uploads\/2020\/01\/textile-decoration-scaled-1.jpg\"><div class=\"fusion-text fusion-text-3\"><h3 style=\"text-align: center; --fontSize:44; line-height: 1.26; color: rgba(0, 0, 0, 0.72); font-family: 'Work Sans'; font-weight: 300;\">\u00bfHABLAMOS?<\/h3>\n<\/div><div class=\"fusion-builder-row fusion-builder-row-inner fusion-row\"><div class=\"fusion-layout-column fusion_builder_column_inner fusion-builder-nested-column-0 fusion_builder_column_inner_1_5 1_5 fusion-one-fifth fusion-column-first\" style=\"--awb-bg-size:cover;width:20%;width:calc(20% - ( ( 4% + 4% ) * 0.2 ) );margin-right: 4%;\"><div class=\"fusion-column-wrapper fusion-column-has-shadow fusion-flex-column-wrapper-legacy\"><div class=\"fusion-clearfix\"><\/div><\/div><\/div><div class=\"fusion-layout-column fusion_builder_column_inner fusion-builder-nested-column-1 fusion_builder_column_inner_3_5 3_5 fusion-three-fifth\" style=\"--awb-bg-size:cover;width:60%;width:calc(60% - ( ( 4% + 4% ) * 0.6 ) );margin-right: 4%;\"><div class=\"fusion-column-wrapper fusion-column-has-shadow fusion-flex-column-wrapper-legacy\">\n<div class=\"wpcf7 no-js\" id=\"wpcf7-f1551-o1\" lang=\"en-US\" dir=\"ltr\" data-wpcf7-id=\"1551\">\n<div class=\"screen-reader-response\"><p role=\"status\" aria-live=\"polite\" aria-atomic=\"true\"><\/p> <ul><\/ul><\/div>\n<form action=\"\/en\/wp-json\/wp\/v2\/pages\/3567#wpcf7-f1551-o1\" method=\"post\" class=\"wpcf7-form init\" aria-label=\"Contact form\" novalidate=\"novalidate\" data-status=\"init\">\n<fieldset class=\"hidden-fields-container\"><input type=\"hidden\" name=\"_wpcf7\" value=\"1551\" \/><input type=\"hidden\" name=\"_wpcf7_version\" value=\"6.1.5\" \/><input type=\"hidden\" name=\"_wpcf7_locale\" value=\"en_US\" \/><input type=\"hidden\" name=\"_wpcf7_unit_tag\" value=\"wpcf7-f1551-o1\" \/><input type=\"hidden\" name=\"_wpcf7_container_post\" value=\"0\" \/><input type=\"hidden\" name=\"_wpcf7_posted_data_hash\" value=\"\" \/><input type=\"hidden\" name=\"_wpcf7_recaptcha_response\" value=\"\" \/>\n<\/fieldset>\n<p><label aria-label=\"Name\"><span class=\"wpcf7-form-control-wrap\" data-name=\"your-name\"><input size=\"40\" maxlength=\"400\" class=\"wpcf7-form-control wpcf7-text wpcf7-validates-as-required\" aria-required=\"true\" aria-invalid=\"false\" placeholder=\"Nombre\" value=\"\" type=\"text\" name=\"your-name\" \/><\/span><\/label>\n<\/p>\n<p><label aria-label=\"Email\"><span class=\"wpcf7-form-control-wrap\" data-name=\"your-email\"><input size=\"40\" maxlength=\"400\" class=\"wpcf7-form-control wpcf7-email wpcf7-validates-as-required wpcf7-text wpcf7-validates-as-email\" aria-required=\"true\" aria-invalid=\"false\" placeholder=\"Email\" value=\"\" type=\"email\" name=\"your-email\" \/><\/span><\/label>\n<\/p>\n<p><label aria-label=\"Email\"><span class=\"wpcf7-form-control-wrap\" data-name=\"tel-342\"><input size=\"40\" maxlength=\"400\" class=\"wpcf7-form-control wpcf7-tel wpcf7-validates-as-required wpcf7-text wpcf7-validates-as-tel\" aria-required=\"true\" aria-invalid=\"false\" placeholder=\"Tel\u00e9fono\" value=\"\" type=\"tel\" name=\"tel-342\" \/><\/span><\/label>\n<\/p>\n<p><label aria-label=\"Mensaje\"><span class=\"wpcf7-form-control-wrap\" data-name=\"your-message\"><textarea cols=\"40\" rows=\"10\" maxlength=\"2000\" class=\"wpcf7-form-control wpcf7-textarea\" aria-invalid=\"false\" placeholder=\"Mensaje\" name=\"your-message\"><\/textarea><\/span><\/label>\n<\/p>\n<p><span style=\"color: #ffffff;\"> <span class=\"wpcf7-form-control-wrap\" data-name=\"acceptance-279\"><span class=\"wpcf7-form-control wpcf7-acceptance\"><span class=\"wpcf7-list-item\"><input type=\"checkbox\" name=\"acceptance-279\" value=\"1\" aria-invalid=\"false\" \/><\/span><\/span><\/span> He le\u00eddo y acepto <a style = \"color: #ffffff;\" href = \"https:\/\/myrentalhost.com\/avisos-legales\/\"><u>el Aviso Legal<\/u><\/a> y la <a style=\"color: #ffffff;\" href=\"https:\/\/myrentalhost.com\/politica-de-privacidad\/\"> <u>Pol\u00edtica de Privacidad<\/u><\/a>. <\/ span><br \/>\n<Span style=\"color: #ffffff;\"> <span class=\"wpcf7-form-control-wrap\" data-name=\"acceptance-414\"><span class=\"wpcf7-form-control wpcf7-acceptance\"><span class=\"wpcf7-list-item\"><input type=\"checkbox\" name=\"acceptance-414\" value=\"1\" aria-invalid=\"false\" \/><\/span><\/span><\/span> Declaro, bajo mi propia responsabilidad, ser mayor de 18 a\u00f1os y respondo de manera exclusiva de la veracidad de esta declaraci\u00f3n. <\/span><br \/>\n<Span style=\"color: #ffffff;\"> <span class=\"wpcf7-form-control-wrap\" data-name=\"acceptance-415\"><span class=\"wpcf7-form-control wpcf7-acceptance\"><span class=\"wpcf7-list-item\"><input type=\"checkbox\" name=\"acceptance-415\" value=\"1\" aria-invalid=\"false\" \/><\/span><\/span><\/span> Acepto recibir la informaci\u00f3n que la entidad considere oportuno enviarme por correo electr\u00f3nico o medio de comunicaci\u00f3n electr\u00f3nica equivalente. (Es posible darse de baja en cualquier momento).<\/span><br \/>\n<\/span>\n<\/p>\n<p><input class=\"wpcf7-form-control wpcf7-submit has-spinner\" type=\"submit\" value=\"Enviar\" \/>\n<\/p><div class=\"fusion-alert alert custom alert-custom fusion-alert-center wpcf7-response-output fusion-alert-capitalize awb-alert-native-link-color alert-dismissable awb-alert-close-boxed\" style=\"--awb-border-size:1px;--awb-border-top-left-radius:0px;--awb-border-top-right-radius:0px;--awb-border-bottom-left-radius:0px;--awb-border-bottom-right-radius:0px;\" role=\"alert\"><div class=\"fusion-alert-content-wrapper\"><span class=\"fusion-alert-content\"><\/span><\/div><button type=\"button\" class=\"close toggle-alert\" data-dismiss=\"alert\" aria-label=\"Close\">&times;<\/button><\/div>\n<\/form>\n<\/div>\n<div class=\"fusion-clearfix\"><\/div><\/div><\/div><div class=\"fusion-layout-column fusion_builder_column_inner fusion-builder-nested-column-2 fusion_builder_column_inner_1_5 1_5 fusion-one-fifth fusion-column-last\" style=\"--awb-bg-size:cover;width:20%;width:calc(20% - ( ( 4% + 4% ) * 0.2 ) );\"><div class=\"fusion-column-wrapper fusion-column-has-shadow fusion-flex-column-wrapper-legacy\"><div class=\"fusion-clearfix\"><\/div><\/div><\/div><\/div><div class=\"fusion-clearfix\"><\/div><\/div><\/div><\/div><\/div><\/p>\n","protected":false},"excerpt":{"rendered":"","protected":false},"author":1,"featured_media":0,"parent":0,"menu_order":0,"comment_status":"closed","ping_status":"closed","template":"","meta":{"footnotes":""},"class_list":["post-3567","page","type-page","status-publish","hentry"],"yoast_head":"<!-- This site is optimized with the Yoast SEO Premium plugin v23.6 (Yoast SEO v23.6) - https:\/\/yoast.com\/wordpress\/plugins\/seo\/ -->\n<title>Partners - MyRentalHost<\/title>\n<meta name=\"robots\" content=\"index, follow, max-snippet:-1, max-image-preview:large, max-video-preview:-1\" \/>\n<link rel=\"canonical\" href=\"https:\/\/myrentalhost.com\/en\/partners\/\" \/>\n<meta property=\"og:locale\" content=\"en_US\" \/>\n<meta property=\"og:type\" content=\"article\" \/>\n<meta property=\"og:title\" content=\"Partners\" \/>\n<meta property=\"og:url\" content=\"https:\/\/myrentalhost.com\/en\/partners\/\" \/>\n<meta property=\"og:site_name\" content=\"MyRentalHost\" \/>\n<meta property=\"article:publisher\" content=\"https:\/\/www.facebook.com\/MyRentalHost\/\" \/>\n<meta property=\"article:modified_time\" content=\"2020-06-10T21:59:20+00:00\" \/>\n<meta property=\"og:image\" content=\"https:\/\/myrentalhost.com\/wp-content\/uploads\/2020\/06\/LogoFINALcuiadrado.jpg\" \/>\n\t<meta property=\"og:image:width\" content=\"438\" \/>\n\t<meta property=\"og:image:height\" content=\"430\" \/>\n\t<meta property=\"og:image:type\" content=\"image\/jpeg\" \/>\n<meta name=\"twitter:card\" content=\"summary_large_image\" \/>\n<meta name=\"twitter:site\" content=\"@myrentalhost\" \/>\n<meta name=\"twitter:label1\" content=\"Est. reading time\" \/>\n\t<meta name=\"twitter:data1\" content=\"9 minutes\" \/>\n<script type=\"application\/ld+json\" class=\"yoast-schema-graph\">{\"@context\":\"https:\/\/schema.org\",\"@graph\":[{\"@type\":\"WebPage\",\"@id\":\"https:\/\/myrentalhost.com\/en\/partners\/\",\"url\":\"https:\/\/myrentalhost.com\/en\/partners\/\",\"name\":\"Partners - MyRentalHost\",\"isPartOf\":{\"@id\":\"https:\/\/myrentalhost.com\/en\/#website\"},\"datePublished\":\"2020-06-04T21:42:06+00:00\",\"dateModified\":\"2020-06-10T21:59:20+00:00\",\"breadcrumb\":{\"@id\":\"https:\/\/myrentalhost.com\/en\/partners\/#breadcrumb\"},\"inLanguage\":\"en-US\",\"potentialAction\":[{\"@type\":\"ReadAction\",\"target\":[\"https:\/\/myrentalhost.com\/en\/partners\/\"]}]},{\"@type\":\"BreadcrumbList\",\"@id\":\"https:\/\/myrentalhost.com\/en\/partners\/#breadcrumb\",\"itemListElement\":[{\"@type\":\"ListItem\",\"position\":1,\"name\":\"Home\",\"item\":\"https:\/\/myrentalhost.com\/en\/\"},{\"@type\":\"ListItem\",\"position\":2,\"name\":\"Partners\"}]},{\"@type\":\"WebSite\",\"@id\":\"https:\/\/myrentalhost.com\/en\/#website\",\"url\":\"https:\/\/myrentalhost.com\/en\/\",\"name\":\"MyRentalHost\",\"description\":\"Making you the best host in the city\",\"publisher\":{\"@id\":\"https:\/\/myrentalhost.com\/en\/#organization\"},\"potentialAction\":[{\"@type\":\"SearchAction\",\"target\":{\"@type\":\"EntryPoint\",\"urlTemplate\":\"https:\/\/myrentalhost.com\/en\/?s={search_term_string}\"},\"query-input\":{\"@type\":\"PropertyValueSpecification\",\"valueRequired\":true,\"valueName\":\"search_term_string\"}}],\"inLanguage\":\"en-US\"},{\"@type\":\"Organization\",\"@id\":\"https:\/\/myrentalhost.com\/en\/#organization\",\"name\":\"MyRentalHost\",\"url\":\"https:\/\/myrentalhost.com\/en\/\",\"logo\":{\"@type\":\"ImageObject\",\"inLanguage\":\"en-US\",\"@id\":\"https:\/\/myrentalhost.com\/en\/#\/schema\/logo\/image\/\",\"url\":\"https:\/\/myrentalhost.com\/wp-content\/uploads\/2020\/06\/LogoFINALcuiadrado.jpg\",\"contentUrl\":\"https:\/\/myrentalhost.com\/wp-content\/uploads\/2020\/06\/LogoFINALcuiadrado.jpg\",\"width\":438,\"height\":430,\"caption\":\"MyRentalHost\"},\"image\":{\"@id\":\"https:\/\/myrentalhost.com\/en\/#\/schema\/logo\/image\/\"},\"sameAs\":[\"https:\/\/www.facebook.com\/MyRentalHost\/\",\"https:\/\/x.com\/myrentalhost\",\"https:\/\/www.instagram.com\/myrentalhost\/\",\"https:\/\/www.linkedin.com\/company\/myrentalhost\/\",\"https:\/\/www.youtube.com\/channel\/UCNMe78UNfgPW--AEVbvNmEQ\"]}]}<\/script>\n<!-- \/ Yoast SEO Premium plugin. -->","yoast_head_json":{"title":"Partners - MyRentalHost","robots":{"index":"index","follow":"follow","max-snippet":"max-snippet:-1","max-image-preview":"max-image-preview:large","max-video-preview":"max-video-preview:-1"},"canonical":"https:\/\/myrentalhost.com\/en\/partners\/","og_locale":"en_US","og_type":"article","og_title":"Partners","og_url":"https:\/\/myrentalhost.com\/en\/partners\/","og_site_name":"MyRentalHost","article_publisher":"https:\/\/www.facebook.com\/MyRentalHost\/","article_modified_time":"2020-06-10T21:59:20+00:00","og_image":[{"width":438,"height":430,"url":"https:\/\/myrentalhost.com\/wp-content\/uploads\/2020\/06\/LogoFINALcuiadrado.jpg","type":"image\/jpeg"}],"twitter_card":"summary_large_image","twitter_site":"@myrentalhost","twitter_misc":{"Est. reading time":"9 minutes"},"schema":{"@context":"https:\/\/schema.org","@graph":[{"@type":"WebPage","@id":"https:\/\/myrentalhost.com\/en\/partners\/","url":"https:\/\/myrentalhost.com\/en\/partners\/","name":"Partners - MyRentalHost","isPartOf":{"@id":"https:\/\/myrentalhost.com\/en\/#website"},"datePublished":"2020-06-04T21:42:06+00:00","dateModified":"2020-06-10T21:59:20+00:00","breadcrumb":{"@id":"https:\/\/myrentalhost.com\/en\/partners\/#breadcrumb"},"inLanguage":"en-US","potentialAction":[{"@type":"ReadAction","target":["https:\/\/myrentalhost.com\/en\/partners\/"]}]},{"@type":"BreadcrumbList","@id":"https:\/\/myrentalhost.com\/en\/partners\/#breadcrumb","itemListElement":[{"@type":"ListItem","position":1,"name":"Home","item":"https:\/\/myrentalhost.com\/en\/"},{"@type":"ListItem","position":2,"name":"Partners"}]},{"@type":"WebSite","@id":"https:\/\/myrentalhost.com\/en\/#website","url":"https:\/\/myrentalhost.com\/en\/","name":"MyRentalHost","description":"Making you the best host in the city","publisher":{"@id":"https:\/\/myrentalhost.com\/en\/#organization"},"potentialAction":[{"@type":"SearchAction","target":{"@type":"EntryPoint","urlTemplate":"https:\/\/myrentalhost.com\/en\/?s={search_term_string}"},"query-input":{"@type":"PropertyValueSpecification","valueRequired":true,"valueName":"search_term_string"}}],"inLanguage":"en-US"},{"@type":"Organization","@id":"https:\/\/myrentalhost.com\/en\/#organization","name":"MyRentalHost","url":"https:\/\/myrentalhost.com\/en\/","logo":{"@type":"ImageObject","inLanguage":"en-US","@id":"https:\/\/myrentalhost.com\/en\/#\/schema\/logo\/image\/","url":"https:\/\/myrentalhost.com\/wp-content\/uploads\/2020\/06\/LogoFINALcuiadrado.jpg","contentUrl":"https:\/\/myrentalhost.com\/wp-content\/uploads\/2020\/06\/LogoFINALcuiadrado.jpg","width":438,"height":430,"caption":"MyRentalHost"},"image":{"@id":"https:\/\/myrentalhost.com\/en\/#\/schema\/logo\/image\/"},"sameAs":["https:\/\/www.facebook.com\/MyRentalHost\/","https:\/\/x.com\/myrentalhost","https:\/\/www.instagram.com\/myrentalhost\/","https:\/\/www.linkedin.com\/company\/myrentalhost\/","https:\/\/www.youtube.com\/channel\/UCNMe78UNfgPW--AEVbvNmEQ"]}]}},"_links":{"self":[{"href":"https:\/\/myrentalhost.com\/en\/wp-json\/wp\/v2\/pages\/3567","targetHints":{"allow":["GET"]}}],"collection":[{"href":"https:\/\/myrentalhost.com\/en\/wp-json\/wp\/v2\/pages"}],"about":[{"href":"https:\/\/myrentalhost.com\/en\/wp-json\/wp\/v2\/types\/page"}],"author":[{"embeddable":true,"href":"https:\/\/myrentalhost.com\/en\/wp-json\/wp\/v2\/users\/1"}],"replies":[{"embeddable":true,"href":"https:\/\/myrentalhost.com\/en\/wp-json\/wp\/v2\/comments?post=3567"}],"version-history":[{"count":29,"href":"https:\/\/myrentalhost.com\/en\/wp-json\/wp\/v2\/pages\/3567\/revisions"}],"predecessor-version":[{"id":3980,"href":"https:\/\/myrentalhost.com\/en\/wp-json\/wp\/v2\/pages\/3567\/revisions\/3980"}],"wp:attachment":[{"href":"https:\/\/myrentalhost.com\/en\/wp-json\/wp\/v2\/media?parent=3567"}],"curies":[{"name":"wp","href":"https:\/\/api.w.org\/{rel}","templated":true}]}}