{"id":7220,"date":"2020-06-09T10:09:39","date_gmt":"2020-06-09T10:09:39","guid":{"rendered":"https:\/\/myrentalhost.com\/avisos-legales\/"},"modified":"2024-01-12T10:20:06","modified_gmt":"2024-01-12T10:20:06","slug":"avisos-legales","status":"publish","type":"page","link":"https:\/\/myrentalhost.com\/it\/avisos-legales\/","title":{"rendered":"Avviso Legale"},"content":{"rendered":"<div class=\"fusion-fullwidth fullwidth-box fusion-builder-row-1 fusion-flex-container nonhundred-percent-fullwidth non-hundred-percent-height-scrolling\" style=\"--awb-border-radius-top-left:0px;--awb-border-radius-top-right:0px;--awb-border-radius-bottom-right:0px;--awb-border-radius-bottom-left:0px;--awb-flex-wrap:wrap;\" ><div class=\"fusion-builder-row fusion-row fusion-flex-align-items-flex-start fusion-flex-content-wrap\" style=\"max-width:1320.8px;margin-left: calc(-4% \/ 2 );margin-right: calc(-4% \/ 2 );\"><div class=\"fusion-layout-column fusion_builder_column fusion-builder-column-0 fusion_builder_column_1_1 1_1 fusion-flex-column\" style=\"--awb-bg-size:cover;--awb-width-large:100%;--awb-margin-top-large:0px;--awb-spacing-right-large:1.92%;--awb-margin-bottom-large:0px;--awb-spacing-left-large:1.92%;--awb-width-medium:100%;--awb-spacing-right-medium:1.92%;--awb-spacing-left-medium:1.92%;--awb-width-small:100%;--awb-spacing-right-small:1.92%;--awb-spacing-left-small:1.92%;\"><div class=\"fusion-column-wrapper fusion-flex-justify-content-flex-start fusion-content-layout-column\"><div class=\"fusion-text fusion-text-1\"><div class=\"w-full text-token-text-primary\" data-testid=\"conversation-turn-23\">\n<div class=\"px-4 py-2 justify-center text-base md:gap-6 m-auto tdfocus-1705054649758\">\n<div class=\"flex flex-1 text-base mx-auto gap-3 md:px-5 lg:px-1 xl:px-5 md:max-w-3xl lg:max-w-&#091;40rem&#093; xl:max-w-&#091;48rem&#093; group\">\n<div class=\"relative flex w-full flex-col lg:w-&#091;calc(100%-115px)&#093; agent-turn\">\n<div class=\"flex-col gap-1 md:gap-3 tdfocus-1705054685309\">\n<div class=\"flex flex-grow flex-col max-w-full\">\n<div class=\"min-h-&#091;20px&#093; text-message flex flex-col items-start gap-3 whitespace-pre-wrap break-words &#091;.text-message+&amp;&#093;:mt-5 overflow-x-auto\" data-message-author-role=\"assistant\" data-message-id=\"498a46f3-da14-494d-9724-abe54423e800\">\n<div class=\"markdown prose w-full break-words dark:prose-invert light\">\n<p>In questo avviso legale, l&#8217;utente pu\u00f2 trovare tutte le informazioni relative alle condizioni legali che definiscono le relazioni tra gli utenti e il responsabile del sito web accessibile all&#8217;indirizzo URL <a href=\"https:\/\/myrentalhost.com\/it\/\" target=\"_new\" rel=\"noopener\">https:\/\/myrentalhost.com<\/a> (di seguito, il &#8220;sito web&#8221;), che MyRentalHost mette a disposizione degli utenti di Internet.<\/p>\n<p>L&#8217;utilizzo del sito web implica l&#8217;accettazione piena e senza riserve di ciascuna delle disposizioni contenute in questo avviso legale. Di conseguenza, l&#8217;utente del sito web deve leggere attentamente il presente avviso legale in ogni occasione in cui si proponga utilizzare il sito web, poich\u00e9 il testo potrebbe subire modifiche a discrezione del titolare del sito web o a causa di un cambiamento legislativo, giurisprudenziale o nella pratica aziendale.<\/p>\n<ol>\n<li><strong>DATI DEL TITOLARE DEL SITO WEB<\/strong>\n<p>Nome del titolare: MYRENTALHOST SL<\/p>\n<p>Sede legale: Carrer del Vallespir 180, Entresuelo 5, 08014, Barcellona<\/p>\n<p>C.F.: B16871808<\/p>\n<p>Numero di telefono di contatto: 931651010<\/p>\n<p>Indirizzo email: <a target=\"_new\" rel=\"noopener\">info@myrentalhost.com<\/a><\/p>\n<p>MyRentalHost SL \u00e8 il responsabile del Sito Web e si impegna a rispettare tutti i requisiti nazionali ed europei che regolano l&#8217;uso dei dati personali degli utenti.<\/p>\n<p>Questo Sito Web garantisce la protezione e la riservatezza dei dati personali forniti, in conformit\u00e0 a quanto previsto dal Regolamento Generale sulla Protezione dei Dati Personali (UE) 2016\/679 del Parlamento Europeo e del Consiglio, del 27 aprile 2016, dalla Legge Organica 3\/2018 sulla Protezione dei Dati Personali e la Garanzia dei Diritti Digitali, cos\u00ec come dalla Legge sui Servizi della Societ\u00e0 dell&#8217;Informazione e del Commercio Elettronico 34\/2002 del 11 luglio (LSSI-CE).<\/li>\n<li><strong>OGGETTO<\/strong>\n<p>Il sito web offre agli utenti l&#8217;accesso a informazioni e servizi forniti da MyRentalHost per coloro che siano interessati agli stessi.<\/p>\n<p>L&#8217;accesso e l&#8217;utilizzo del Sito Web attribuiscono la condizione di utente del Sito Web (di seguito, l'&#8221;Utente&#8221;) e implicano l&#8217;accettazione di tutte le condizioni contenute in questo Avviso Legale e delle loro modifiche. La fornitura del servizio del Sito Web ha una durata limitata al momento in cui l&#8217;Utente \u00e8 connesso al Sito Web o a uno dei servizi forniti attraverso lo stesso. Pertanto, l&#8217;Utente deve leggere attentamente il presente Avviso Legale in ogni occasione in cui si proponga utilizzare il Sito Web, poich\u00e9 questo e le sue condizioni d&#8217;uso contenute nel presente Avviso Legale potrebbero subire modifiche.<\/li>\n<li><strong>ACCESSO E UTILIZZO DEL SITO WEB<\/strong>\n<p>3.1. <strong>Carattere gratuito dell&#8217;accesso e utilizzo del Sito Web.<\/strong> L&#8217;accesso al Sito Web \u00e8 gratuito per gli Utenti, tranne per quanto riguarda il costo della connessione tramite la rete di telecomunicazioni fornita dal provider di accesso scelto dagli Utenti.<\/p>\n<p>3.2. <strong>Registrazione degli Utenti.<\/strong> In generale, l&#8217;accesso e l&#8217;utilizzo del Sito Web non richiedono una registrazione preventiva o una registrazione degli Utenti dello stesso.<\/p>\n<p>3.3. <strong>Gli Utenti garantiscono e rispondono, in ogni caso, dell&#8217;accuratezza, attualit\u00e0 e autenticit\u00e0 dei dati personali forniti e si impegnano a mantenerli adeguatamente aggiornati. L&#8217;Utente accetta di fornire informazioni complete e corrette nel modulo di contatto o iscrizione.<\/strong><\/p>\n<p>In nessun caso saranno raccolti dati relativi alla situazione professionale, economica o alla privacy di altri membri della famiglia da parte di un minore senza il consenso di questi ultimi. Se sei minorenne e hai accesso a questo Sito Web senza informare i tuoi genitori, non devi registrarti come Utente.<\/p>\n<p>In questo Sito Web vengono rispettati e tutelati i dati personali degli Utenti. Come Utente, devi sapere che i tuoi diritti sono garantiti.<\/li>\n<li><strong>CONTENUTI DEL SITO WEB<\/strong>\n<p>La lingua utilizzata dal titolare del Sito Web sar\u00e0 lo spagnolo. MyRentalHost non \u00e8 responsabile della mancata comprensione o comprensione della lingua del Sito Web da parte dell&#8217;Utente, n\u00e9 delle conseguenze di ci\u00f2. MyRentalHost potr\u00e0 modificare i contenuti senza preavviso, cos\u00ec come eliminarli e cambiarli all&#8217;interno del Sito Web, cos\u00ec come la forma in cui si accede ad essi, senza alcuna giustificazione e liberamente, senza assumersi la responsabilit\u00e0 delle conseguenze che ci\u00f2 potrebbe comportare per gli Utenti. \u00c8 vietato l&#8217;uso dei contenuti del Sito Web per promuovere, stipulare o divulgare pubblicit\u00e0 o informazioni proprie o di terze parti senza l&#8217;autorizzazione di MyRentalHost, n\u00e9 inviare pubblicit\u00e0 o informazioni utilizzando per tale scopo i servizi o le informazioni messe a disposizione degli Utenti, indipendentemente dal fatto che l&#8217;utilizzo sia gratuito o no. I link o gli hyperlink inseriti da terzi nei loro siti web, diretti a questo Sito Web, saranno per l&#8217;apertura dell&#8217;intero Sito Web, senza poter esprimere direttamente o indirettamente indicazioni false, inesatte o fuorvianti, n\u00e9 incorrere in azioni sleali o illecite contro MyRentalHost.<\/li>\n<li><strong>MISURE DI SICUREZZA<\/strong>\n<p>I dati personali comunicati dall&#8217;Utente potranno essere archiviati in database automatizzati o non, la cui titolarit\u00e0 \u00e8 esclusiva di MyRentalHost, assumendo tutte le misure di natura tecnica, organizzativa e di sicurezza che garantiscano la riservatezza, l&#8217;integrit\u00e0 e la qualit\u00e0 delle informazioni contenute in essi, conformemente a quanto previsto dalla normativa vigente in materia di protezione dei dati personali.<\/li>\n<li><strong>LIMITAZIONE DELLA RESPONSABILIT\u00c0<\/strong>\n<p>Sia l&#8217;accesso al Sito Web che l&#8217;uso non autorizzato delle informazioni in esso contenute sono di esclusiva responsabilit\u00e0 di chi lo effettua. MyRentalHost non sar\u00e0 responsabile di alcuna conseguenza, danno o perdita che possa derivare da tale accesso o utilizzo. MyRentalHost non si assume la responsabilit\u00e0 degli errori di sicurezza che possono verificarsi n\u00e9 dei danni che possono essere causati al sistema informatico dell&#8217;Utente (hardware e software) o ai file o documenti in esso memorizzati, a causa di:<\/p>\n<ul>\n<li>La presenza di un virus sul computer dell&#8217;Utente utilizzato per la connessione ai servizi e ai contenuti del Sito Web.<\/li>\n<li>Un malfunzionamento del browser.<\/li>\n<li>E\/o l&#8217;uso di versioni non aggiornate dello stesso.<\/li>\n<\/ul>\n<p>MyRentalHost non \u00e8 responsabile della affidabilit\u00e0 e della velocit\u00e0 dei collegamenti ipertestuali inseriti nel Sito Web per l&#8217;apertura di altri siti web. MyRentalHost non garantisce l&#8217;utilit\u00e0 di questi collegamenti e non \u00e8 responsabile dei contenuti o dei servizi cui l&#8217;Utente pu\u00f2 accedere tramite questi collegamenti, n\u00e9 del corretto funzionamento di tali siti web.<\/p>\n<p>MyRentalHost non sar\u00e0 responsabile dei virus o di altri programmi informatici che possono danneggiare o compromettere i sistemi o le apparecchiature informatiche degli Utenti quando accedono al suo Sito Web o ad altri siti web accessibili tramite collegamenti da questo Sito Web.<\/li>\n<li><strong>UTILIZZO DELLA TECNOLOGIA &#8220;COOKIE&#8221;<\/strong>\n<p>Il Sito Web pu\u00f2 utilizzare cookie o tecnologie simili, che saranno regolati dalla Politica sui Cookie, accessibile in qualsiasi momento e nel rispetto della riservatezza e della privacy dell&#8217;Utente, facente parte integrante del presente avviso legale.<\/li>\n<li><strong>NAVIGAZIONE<\/strong>\n<p>I server Internet possono raccogliere dati non identificabili, tra cui indirizzi IP e altri dati che non possono essere utilizzati per identificare l&#8217;Utente. Il tuo indirizzo IP verr\u00e0 automaticamente registrato nei log di accesso solo per consentire il traffico su Internet, ed \u00e8 necessario che il tuo dispositivo fornisca questo indirizzo IP durante la navigazione in Internet affinch\u00e9 le comunicazioni possano avere luogo. Inoltre, l&#8217;indirizzo IP potrebbe essere utilizzato per creare statistiche, in forma anonima, sul numero di visitatori di questo Sito Web e sulla loro provenienza, in modo completamente trasparente durante la tua navigazione.<\/li>\n<li><strong>DIRITTO DI PROPRIET\u00c0 INTELLETTUALE E INDUSTRIALE<\/strong>\n<p>L&#8217;Utente riconosce e accetta che tutti i contenuti e\/o altri elementi del Sito Web sono di propriet\u00e0 di MyRentalHost e si impegna a rispettare i diritti di propriet\u00e0 intellettuale e industriale di MyRentalHost. Qualsiasi utilizzo del Sito Web o dei suoi contenuti deve avere un carattere esclusivamente privato. \u00c8 riservato esclusivamente a MyRentalHost qualsiasi altro utilizzo che comporti la copia, la riproduzione, la distribuzione, la trasformazione, la comunicazione pubblica o qualsiasi altra azione simile, totale o parziale, dei contenuti del Sito Web, quindi nessun Utente pu\u00f2 effettuare tali azioni senza il preventivo consenso scritto di MyRentalHost.<\/li>\n<li><strong>LEGGE APPLICABILE E GIURISDIZIONE COMPETENTE<\/strong>\n<p>Il presente avviso legale sar\u00e0 interpretato e disciplinato conformemente alla legge spagnola. MyRentalHost e gli Utenti, con rinuncia espressa a qualsiasi altro foro che potrebbe spettare loro, si sottopongono alla giurisdizione dei tribunali del domicilio dell&#8217;Utente per qualsiasi controversia derivante dall&#8217;accesso o dall&#8217;uso del Sito Web. Nel caso in cui l&#8217;Utente abbia la sua residenza al di fuori della Spagna, MyRentalHost e l&#8217;Utente, con rinuncia espressa a qualsiasi altro foro, si sottopongono alla giurisdizione dei tribunali di Barcellona per qualsiasi controversia.<\/li>\n<\/ol>\n<\/div>\n<\/div>\n<\/div>\n<div class=\"mt-1 flex justify-start gap-3 empty:hidden\"><\/div>\n<\/div>\n<\/div>\n<\/div>\n<\/div>\n<\/div>\n<\/div><\/div><\/div><\/div><\/div>\n","protected":false},"excerpt":{"rendered":"","protected":false},"author":1,"featured_media":0,"parent":0,"menu_order":0,"comment_status":"closed","ping_status":"closed","template":"","meta":{"footnotes":""},"class_list":["post-7220","page","type-page","status-publish","hentry"],"yoast_head":"<!-- This site is optimized with the Yoast SEO Premium plugin v23.6 (Yoast SEO v23.6) - https:\/\/yoast.com\/wordpress\/plugins\/seo\/ -->\n<title>Avviso Legale - MyRentalHost<\/title>\n<meta name=\"robots\" content=\"index, follow, max-snippet:-1, max-image-preview:large, max-video-preview:-1\" \/>\n<link rel=\"canonical\" href=\"https:\/\/myrentalhost.com\/it\/avisos-legales\/\" \/>\n<meta property=\"og:locale\" content=\"it_IT\" \/>\n<meta property=\"og:type\" content=\"article\" \/>\n<meta property=\"og:title\" content=\"Avviso Legale\" \/>\n<meta property=\"og:url\" content=\"https:\/\/myrentalhost.com\/it\/avisos-legales\/\" \/>\n<meta property=\"og:site_name\" content=\"MyRentalHost\" \/>\n<meta property=\"article:publisher\" content=\"https:\/\/www.facebook.com\/MyRentalHost\/\" \/>\n<meta property=\"article:modified_time\" content=\"2024-01-12T10:20:06+00:00\" \/>\n<meta property=\"og:image\" content=\"https:\/\/myrentalhost.com\/wp-content\/uploads\/2020\/06\/LogoFINALcuiadrado.jpg\" \/>\n\t<meta property=\"og:image:width\" content=\"438\" \/>\n\t<meta property=\"og:image:height\" content=\"430\" \/>\n\t<meta property=\"og:image:type\" content=\"image\/jpeg\" \/>\n<meta name=\"twitter:card\" content=\"summary_large_image\" \/>\n<meta name=\"twitter:site\" content=\"@myrentalhost\" \/>\n<meta name=\"twitter:label1\" content=\"Tempo di lettura stimato\" \/>\n\t<meta name=\"twitter:data1\" content=\"7 minuti\" \/>\n<script type=\"application\/ld+json\" class=\"yoast-schema-graph\">{\"@context\":\"https:\/\/schema.org\",\"@graph\":[{\"@type\":\"WebPage\",\"@id\":\"https:\/\/myrentalhost.com\/it\/avisos-legales\/\",\"url\":\"https:\/\/myrentalhost.com\/it\/avisos-legales\/\",\"name\":\"Avviso Legale - MyRentalHost\",\"isPartOf\":{\"@id\":\"https:\/\/myrentalhost.com\/it\/#website\"},\"datePublished\":\"2020-06-09T10:09:39+00:00\",\"dateModified\":\"2024-01-12T10:20:06+00:00\",\"breadcrumb\":{\"@id\":\"https:\/\/myrentalhost.com\/it\/avisos-legales\/#breadcrumb\"},\"inLanguage\":\"it-IT\",\"potentialAction\":[{\"@type\":\"ReadAction\",\"target\":[\"https:\/\/myrentalhost.com\/it\/avisos-legales\/\"]}]},{\"@type\":\"BreadcrumbList\",\"@id\":\"https:\/\/myrentalhost.com\/it\/avisos-legales\/#breadcrumb\",\"itemListElement\":[{\"@type\":\"ListItem\",\"position\":1,\"name\":\"Home\",\"item\":\"https:\/\/myrentalhost.com\/it\/\"},{\"@type\":\"ListItem\",\"position\":2,\"name\":\"Avviso Legale\"}]},{\"@type\":\"WebSite\",\"@id\":\"https:\/\/myrentalhost.com\/it\/#website\",\"url\":\"https:\/\/myrentalhost.com\/it\/\",\"name\":\"MyRentalHost\",\"description\":\"Making you the best host in the city\",\"publisher\":{\"@id\":\"https:\/\/myrentalhost.com\/it\/#organization\"},\"potentialAction\":[{\"@type\":\"SearchAction\",\"target\":{\"@type\":\"EntryPoint\",\"urlTemplate\":\"https:\/\/myrentalhost.com\/it\/?s={search_term_string}\"},\"query-input\":{\"@type\":\"PropertyValueSpecification\",\"valueRequired\":true,\"valueName\":\"search_term_string\"}}],\"inLanguage\":\"it-IT\"},{\"@type\":\"Organization\",\"@id\":\"https:\/\/myrentalhost.com\/it\/#organization\",\"name\":\"MyRentalHost\",\"url\":\"https:\/\/myrentalhost.com\/it\/\",\"logo\":{\"@type\":\"ImageObject\",\"inLanguage\":\"it-IT\",\"@id\":\"https:\/\/myrentalhost.com\/it\/#\/schema\/logo\/image\/\",\"url\":\"https:\/\/myrentalhost.com\/wp-content\/uploads\/2020\/06\/LogoFINALcuiadrado.jpg\",\"contentUrl\":\"https:\/\/myrentalhost.com\/wp-content\/uploads\/2020\/06\/LogoFINALcuiadrado.jpg\",\"width\":438,\"height\":430,\"caption\":\"MyRentalHost\"},\"image\":{\"@id\":\"https:\/\/myrentalhost.com\/it\/#\/schema\/logo\/image\/\"},\"sameAs\":[\"https:\/\/www.facebook.com\/MyRentalHost\/\",\"https:\/\/x.com\/myrentalhost\",\"https:\/\/www.instagram.com\/myrentalhost\/\",\"https:\/\/www.linkedin.com\/company\/myrentalhost\/\",\"https:\/\/www.youtube.com\/channel\/UCNMe78UNfgPW--AEVbvNmEQ\"]}]}<\/script>\n<!-- \/ Yoast SEO Premium plugin. -->","yoast_head_json":{"title":"Avviso Legale - MyRentalHost","robots":{"index":"index","follow":"follow","max-snippet":"max-snippet:-1","max-image-preview":"max-image-preview:large","max-video-preview":"max-video-preview:-1"},"canonical":"https:\/\/myrentalhost.com\/it\/avisos-legales\/","og_locale":"it_IT","og_type":"article","og_title":"Avviso Legale","og_url":"https:\/\/myrentalhost.com\/it\/avisos-legales\/","og_site_name":"MyRentalHost","article_publisher":"https:\/\/www.facebook.com\/MyRentalHost\/","article_modified_time":"2024-01-12T10:20:06+00:00","og_image":[{"width":438,"height":430,"url":"https:\/\/myrentalhost.com\/wp-content\/uploads\/2020\/06\/LogoFINALcuiadrado.jpg","type":"image\/jpeg"}],"twitter_card":"summary_large_image","twitter_site":"@myrentalhost","twitter_misc":{"Tempo di lettura stimato":"7 minuti"},"schema":{"@context":"https:\/\/schema.org","@graph":[{"@type":"WebPage","@id":"https:\/\/myrentalhost.com\/it\/avisos-legales\/","url":"https:\/\/myrentalhost.com\/it\/avisos-legales\/","name":"Avviso Legale - MyRentalHost","isPartOf":{"@id":"https:\/\/myrentalhost.com\/it\/#website"},"datePublished":"2020-06-09T10:09:39+00:00","dateModified":"2024-01-12T10:20:06+00:00","breadcrumb":{"@id":"https:\/\/myrentalhost.com\/it\/avisos-legales\/#breadcrumb"},"inLanguage":"it-IT","potentialAction":[{"@type":"ReadAction","target":["https:\/\/myrentalhost.com\/it\/avisos-legales\/"]}]},{"@type":"BreadcrumbList","@id":"https:\/\/myrentalhost.com\/it\/avisos-legales\/#breadcrumb","itemListElement":[{"@type":"ListItem","position":1,"name":"Home","item":"https:\/\/myrentalhost.com\/it\/"},{"@type":"ListItem","position":2,"name":"Avviso Legale"}]},{"@type":"WebSite","@id":"https:\/\/myrentalhost.com\/it\/#website","url":"https:\/\/myrentalhost.com\/it\/","name":"MyRentalHost","description":"Making you the best host in the city","publisher":{"@id":"https:\/\/myrentalhost.com\/it\/#organization"},"potentialAction":[{"@type":"SearchAction","target":{"@type":"EntryPoint","urlTemplate":"https:\/\/myrentalhost.com\/it\/?s={search_term_string}"},"query-input":{"@type":"PropertyValueSpecification","valueRequired":true,"valueName":"search_term_string"}}],"inLanguage":"it-IT"},{"@type":"Organization","@id":"https:\/\/myrentalhost.com\/it\/#organization","name":"MyRentalHost","url":"https:\/\/myrentalhost.com\/it\/","logo":{"@type":"ImageObject","inLanguage":"it-IT","@id":"https:\/\/myrentalhost.com\/it\/#\/schema\/logo\/image\/","url":"https:\/\/myrentalhost.com\/wp-content\/uploads\/2020\/06\/LogoFINALcuiadrado.jpg","contentUrl":"https:\/\/myrentalhost.com\/wp-content\/uploads\/2020\/06\/LogoFINALcuiadrado.jpg","width":438,"height":430,"caption":"MyRentalHost"},"image":{"@id":"https:\/\/myrentalhost.com\/it\/#\/schema\/logo\/image\/"},"sameAs":["https:\/\/www.facebook.com\/MyRentalHost\/","https:\/\/x.com\/myrentalhost","https:\/\/www.instagram.com\/myrentalhost\/","https:\/\/www.linkedin.com\/company\/myrentalhost\/","https:\/\/www.youtube.com\/channel\/UCNMe78UNfgPW--AEVbvNmEQ"]}]}},"_links":{"self":[{"href":"https:\/\/myrentalhost.com\/it\/wp-json\/wp\/v2\/pages\/7220","targetHints":{"allow":["GET"]}}],"collection":[{"href":"https:\/\/myrentalhost.com\/it\/wp-json\/wp\/v2\/pages"}],"about":[{"href":"https:\/\/myrentalhost.com\/it\/wp-json\/wp\/v2\/types\/page"}],"author":[{"embeddable":true,"href":"https:\/\/myrentalhost.com\/it\/wp-json\/wp\/v2\/users\/1"}],"replies":[{"embeddable":true,"href":"https:\/\/myrentalhost.com\/it\/wp-json\/wp\/v2\/comments?post=7220"}],"version-history":[{"count":3,"href":"https:\/\/myrentalhost.com\/it\/wp-json\/wp\/v2\/pages\/7220\/revisions"}],"predecessor-version":[{"id":7237,"href":"https:\/\/myrentalhost.com\/it\/wp-json\/wp\/v2\/pages\/7220\/revisions\/7237"}],"wp:attachment":[{"href":"https:\/\/myrentalhost.com\/it\/wp-json\/wp\/v2\/media?parent=7220"}],"curies":[{"name":"wp","href":"https:\/\/api.w.org\/{rel}","templated":true}]}}